{"id":98,"date":"2017-01-21T17:55:36","date_gmt":"2017-01-21T16:55:36","guid":{"rendered":"http:\/\/dev.honz-it.de\/wordpress\/?page_id=98"},"modified":"2020-04-27T09:33:14","modified_gmt":"2020-04-27T07:33:14","slug":"rechtsgebiete","status":"publish","type":"page","link":"https:\/\/kanzlei-beuttler.de\/es\/rechtsgebiete\/","title":{"rendered":"Asesoramiento  jur\u00eddico"},"content":{"rendered":"<p><\/p>\n<p class=\"keineFreieZeile\"><img loading=\"lazy\" decoding=\"async\" class=\"size-full wp-image-366 aligncenter\" src=\"http:\/\/kanzlei-beuttler.de\/wp-content\/uploads\/2017\/03\/Buch_cropped_small_sw.png\" alt=\"\" width=\"1000\" height=\"240\" srcset=\"https:\/\/kanzlei-beuttler.de\/wp-content\/uploads\/2017\/03\/Buch_cropped_small_sw.png 1000w, https:\/\/kanzlei-beuttler.de\/wp-content\/uploads\/2017\/03\/Buch_cropped_small_sw-300x72.png 300w, https:\/\/kanzlei-beuttler.de\/wp-content\/uploads\/2017\/03\/Buch_cropped_small_sw-768x184.png 768w\" sizes=\"auto, (max-width: 1000px) 100vw, 1000px\" \/><\/p>\n<ul>\n<li id=\"informiert\"><strong><b><span lang=\"EN-US\">Conocimientos en materia de asesoramiento jur\u00eddico<\/span><\/b><\/strong><br \/>\n<span lang=\"EN-US\">Analizamos juntos la situaci\u00f3n legal de su asunto y le asesoramos sobre c\u00f3mo alcanzar su objetivo de forma r\u00e1pida y eficaz, sopesando las ventajas y desventajas de las diversas opciones disponibles para usted.<\/span><\/li>\n<\/ul>\n<ul>\n<li id=\"strategisch\"><strong><strong><b><span lang=\"EN-US\">Una representaci\u00f3n cuidadosa &amp; estrat\u00e9gica<\/span><\/b><\/strong><\/strong><br \/>\n<span lang=\"EN-US\">Halo valer sus derechos y le apoyo en las negociaciones con la contraparte en base a mi experiencia.\u00a0Estudiamos la estrategia para defender sus intereses<\/span>.<\/li>\n<\/ul>\n<ul>\n<li id=\"begleitend\"><b><span lang=\"EN-US\">Apoyo &amp; acompa\u00f1amiento en el proceso<\/span><\/b><br \/>\n<span lang=\"EN-US\">Si una litigaci\u00f3n en el tribunal tiene sentido o es inevitable, estar\u00e9 encantado de representarle en el juzgado para hacer valer sus derechos.\u00a0Discutiremos a continuaci\u00f3n los pasos necesarios y las t\u00e1cticas de procedimientos adecuadas.<\/span><\/li>\n<\/ul>\n<ul>\n<li id=\"mandant\"><b><span lang=\"EN-US\">Clientes &amp; Socios<\/span><\/b><br \/>\n<span style=\"font-size: inherit;\">Ya sea empleado, comit\u00e9 de empresa o empleador, embajada, empresa inform\u00e1tica, asociaci\u00f3n cl\u00ednica, corporaci\u00f3n p\u00fablica o comit\u00e9 de una orquesta: Los intereses del cliente siempre tienen la m\u00e1xima prioridad.<\/span><\/li>\n<\/ul>\n<p>Me especializo en derecho laboral, con especial enfoque en la representaci\u00f3n de ejecutivos y expatriados, as\u00ed como de m\u00fasicos de orquesta.<\/p>","protected":false},"excerpt":{"rendered":"<p>Conocimientos en materia de asesoramiento jur\u00eddico Analizamos juntos la situaci\u00f3n legal de su asunto y le asesoramos sobre c\u00f3mo alcanzar su objetivo de forma r\u00e1pida y eficaz, sopesando las ventajas y desventajas de las diversas opciones disponibles para usted. Una<\/p>\n","protected":false},"author":1,"featured_media":0,"parent":0,"menu_order":0,"comment_status":"closed","ping_status":"closed","template":"","meta":{"footnotes":""},"class_list":["post-98","page","type-page","status-publish","hentry"],"yoast_head":"<!-- This site is optimized with the Yoast SEO plugin v25.5 - https:\/\/yoast.com\/wordpress\/plugins\/seo\/ -->\n<title>Asesoramiento jur\u00eddico - Kanzlei Beuttler<\/title>\n<meta name=\"robots\" content=\"index, follow, max-snippet:-1, max-image-preview:large, max-video-preview:-1\" \/>\n<link rel=\"canonical\" href=\"https:\/\/kanzlei-beuttler.de\/de\/rechtsgebiete\/\" \/>\n<meta property=\"og:locale\" content=\"es_ES\" \/>\n<meta property=\"og:type\" content=\"article\" \/>\n<meta property=\"og:title\" content=\"[:de]Rechtsgebiete[:en]Legal fields[:es]Asesoramiento jur\u00eddico[:] - Kanzlei Beuttler\" \/>\n<meta property=\"og:description\" content=\"Conocimientos en materia de asesoramiento jur\u00eddico Analizamos juntos la situaci\u00f3n legal de su asunto y le asesoramos sobre c\u00f3mo alcanzar su objetivo de forma r\u00e1pida y eficaz, sopesando las ventajas y desventajas de las diversas opciones disponibles para usted. Una\" \/>\n<meta property=\"og:url\" content=\"https:\/\/kanzlei-beuttler.de\/de\/rechtsgebiete\/\" \/>\n<meta property=\"og:site_name\" content=\"Kanzlei Beuttler\" \/>\n<meta property=\"article:modified_time\" content=\"2020-04-27T07:33:14+00:00\" \/>\n<meta property=\"og:image\" content=\"http:\/\/kanzlei-beuttler.de\/wp-content\/uploads\/2017\/03\/Buch_cropped_small_sw.png\" \/>\n<meta name=\"twitter:card\" content=\"summary_large_image\" \/>\n<meta name=\"twitter:label1\" content=\"Tiempo de lectura\" \/>\n\t<meta name=\"twitter:data1\" content=\"5 minutos\" \/>\n<script type=\"application\/ld+json\" class=\"yoast-schema-graph\">{\"@context\":\"https:\/\/schema.org\",\"@graph\":[{\"@type\":\"WebPage\",\"@id\":\"https:\/\/kanzlei-beuttler.de\/de\/rechtsgebiete\/\",\"url\":\"https:\/\/kanzlei-beuttler.de\/de\/rechtsgebiete\/\",\"name\":\"[:de]Rechtsgebiete[:en]Legal fields[:es]Asesoramiento jur\u00eddico[:] - Kanzlei Beuttler\",\"isPartOf\":{\"@id\":\"https:\/\/kanzlei-beuttler.de\/de\/#website\"},\"primaryImageOfPage\":{\"@id\":\"https:\/\/kanzlei-beuttler.de\/de\/rechtsgebiete\/#primaryimage\"},\"image\":{\"@id\":\"https:\/\/kanzlei-beuttler.de\/de\/rechtsgebiete\/#primaryimage\"},\"thumbnailUrl\":\"http:\/\/kanzlei-beuttler.de\/wp-content\/uploads\/2017\/03\/Buch_cropped_small_sw.png\",\"datePublished\":\"2017-01-21T16:55:36+00:00\",\"dateModified\":\"2020-04-27T07:33:14+00:00\",\"breadcrumb\":{\"@id\":\"https:\/\/kanzlei-beuttler.de\/de\/rechtsgebiete\/#breadcrumb\"},\"inLanguage\":\"es\",\"potentialAction\":[{\"@type\":\"ReadAction\",\"target\":[\"https:\/\/kanzlei-beuttler.de\/de\/rechtsgebiete\/\"]}]},{\"@type\":\"ImageObject\",\"inLanguage\":\"es\",\"@id\":\"https:\/\/kanzlei-beuttler.de\/de\/rechtsgebiete\/#primaryimage\",\"url\":\"http:\/\/kanzlei-beuttler.de\/wp-content\/uploads\/2017\/03\/Buch_cropped_small_sw.png\",\"contentUrl\":\"http:\/\/kanzlei-beuttler.de\/wp-content\/uploads\/2017\/03\/Buch_cropped_small_sw.png\"},{\"@type\":\"BreadcrumbList\",\"@id\":\"https:\/\/kanzlei-beuttler.de\/de\/rechtsgebiete\/#breadcrumb\",\"itemListElement\":[{\"@type\":\"ListItem\",\"position\":1,\"name\":\"Startseite\",\"item\":\"https:\/\/kanzlei-beuttler.de\/\"},{\"@type\":\"ListItem\",\"position\":2,\"name\":\"Rechtsgebiete\"}]},{\"@type\":\"WebSite\",\"@id\":\"https:\/\/kanzlei-beuttler.de\/de\/#website\",\"url\":\"https:\/\/kanzlei-beuttler.de\/de\/\",\"name\":\"Kanzlei Beuttler\",\"description\":\"Ihre Anw\u00e4ltin in Berlin\",\"potentialAction\":[{\"@type\":\"SearchAction\",\"target\":{\"@type\":\"EntryPoint\",\"urlTemplate\":\"https:\/\/kanzlei-beuttler.de\/de\/?s={search_term_string}\"},\"query-input\":{\"@type\":\"PropertyValueSpecification\",\"valueRequired\":true,\"valueName\":\"search_term_string\"}}],\"inLanguage\":\"es\"}]}<\/script>\n<!-- \/ Yoast SEO plugin. -->","yoast_head_json":{"title":"[:de]Rechtsgebiete[:en]Legal fields[:es]Asesoramiento jur\u00eddico[:] - Kanzlei Beuttler","robots":{"index":"index","follow":"follow","max-snippet":"max-snippet:-1","max-image-preview":"max-image-preview:large","max-video-preview":"max-video-preview:-1"},"canonical":"https:\/\/kanzlei-beuttler.de\/de\/rechtsgebiete\/","og_locale":"es_ES","og_type":"article","og_title":"[:de]Rechtsgebiete[:en]Legal fields[:es]Asesoramiento jur\u00eddico[:] - Kanzlei Beuttler","og_description":"Conocimientos en materia de asesoramiento jur\u00eddico Analizamos juntos la situaci\u00f3n legal de su asunto y le asesoramos sobre c\u00f3mo alcanzar su objetivo de forma r\u00e1pida y eficaz, sopesando las ventajas y desventajas de las diversas opciones disponibles para usted. Una","og_url":"https:\/\/kanzlei-beuttler.de\/de\/rechtsgebiete\/","og_site_name":"Kanzlei Beuttler","article_modified_time":"2020-04-27T07:33:14+00:00","og_image":[{"url":"http:\/\/kanzlei-beuttler.de\/wp-content\/uploads\/2017\/03\/Buch_cropped_small_sw.png","type":"","width":"","height":""}],"twitter_card":"summary_large_image","twitter_misc":{"Tiempo de lectura":"5 minutos"},"schema":{"@context":"https:\/\/schema.org","@graph":[{"@type":"WebPage","@id":"https:\/\/kanzlei-beuttler.de\/de\/rechtsgebiete\/","url":"https:\/\/kanzlei-beuttler.de\/de\/rechtsgebiete\/","name":"[:de]Rechtsgebiete[:en]Legal fields[:es]Asesoramiento jur\u00eddico[:] - Kanzlei Beuttler","isPartOf":{"@id":"https:\/\/kanzlei-beuttler.de\/de\/#website"},"primaryImageOfPage":{"@id":"https:\/\/kanzlei-beuttler.de\/de\/rechtsgebiete\/#primaryimage"},"image":{"@id":"https:\/\/kanzlei-beuttler.de\/de\/rechtsgebiete\/#primaryimage"},"thumbnailUrl":"http:\/\/kanzlei-beuttler.de\/wp-content\/uploads\/2017\/03\/Buch_cropped_small_sw.png","datePublished":"2017-01-21T16:55:36+00:00","dateModified":"2020-04-27T07:33:14+00:00","breadcrumb":{"@id":"https:\/\/kanzlei-beuttler.de\/de\/rechtsgebiete\/#breadcrumb"},"inLanguage":"es","potentialAction":[{"@type":"ReadAction","target":["https:\/\/kanzlei-beuttler.de\/de\/rechtsgebiete\/"]}]},{"@type":"ImageObject","inLanguage":"es","@id":"https:\/\/kanzlei-beuttler.de\/de\/rechtsgebiete\/#primaryimage","url":"http:\/\/kanzlei-beuttler.de\/wp-content\/uploads\/2017\/03\/Buch_cropped_small_sw.png","contentUrl":"http:\/\/kanzlei-beuttler.de\/wp-content\/uploads\/2017\/03\/Buch_cropped_small_sw.png"},{"@type":"BreadcrumbList","@id":"https:\/\/kanzlei-beuttler.de\/de\/rechtsgebiete\/#breadcrumb","itemListElement":[{"@type":"ListItem","position":1,"name":"Startseite","item":"https:\/\/kanzlei-beuttler.de\/"},{"@type":"ListItem","position":2,"name":"Rechtsgebiete"}]},{"@type":"WebSite","@id":"https:\/\/kanzlei-beuttler.de\/de\/#website","url":"https:\/\/kanzlei-beuttler.de\/de\/","name":"Kanzlei Beuttler","description":"Ihre Anw\u00e4ltin in Berlin","potentialAction":[{"@type":"SearchAction","target":{"@type":"EntryPoint","urlTemplate":"https:\/\/kanzlei-beuttler.de\/de\/?s={search_term_string}"},"query-input":{"@type":"PropertyValueSpecification","valueRequired":true,"valueName":"search_term_string"}}],"inLanguage":"es"}]}},"_links":{"self":[{"href":"https:\/\/kanzlei-beuttler.de\/es\/wp-json\/wp\/v2\/pages\/98","targetHints":{"allow":["GET"]}}],"collection":[{"href":"https:\/\/kanzlei-beuttler.de\/es\/wp-json\/wp\/v2\/pages"}],"about":[{"href":"https:\/\/kanzlei-beuttler.de\/es\/wp-json\/wp\/v2\/types\/page"}],"author":[{"embeddable":true,"href":"https:\/\/kanzlei-beuttler.de\/es\/wp-json\/wp\/v2\/users\/1"}],"replies":[{"embeddable":true,"href":"https:\/\/kanzlei-beuttler.de\/es\/wp-json\/wp\/v2\/comments?post=98"}],"version-history":[{"count":59,"href":"https:\/\/kanzlei-beuttler.de\/es\/wp-json\/wp\/v2\/pages\/98\/revisions"}],"predecessor-version":[{"id":779,"href":"https:\/\/kanzlei-beuttler.de\/es\/wp-json\/wp\/v2\/pages\/98\/revisions\/779"}],"wp:attachment":[{"href":"https:\/\/kanzlei-beuttler.de\/es\/wp-json\/wp\/v2\/media?parent=98"}],"curies":[{"name":"wp","href":"https:\/\/api.w.org\/{rel}","templated":true}]}}