{"id":618,"date":"2018-05-16T21:31:37","date_gmt":"2018-05-16T19:31:37","guid":{"rendered":"http:\/\/kanzlei-beuttler.de\/?page_id=618"},"modified":"2025-01-16T13:48:57","modified_gmt":"2025-01-16T12:48:57","slug":"datenschutz","status":"publish","type":"page","link":"https:\/\/kanzlei-beuttler.de\/es\/datenschutz\/","title":{"rendered":"Protecci\u00f3n de datos"},"content":{"rendered":"<p>Hier erhalten Sie Informationen \u00fcber die sorgf\u00e4ltige Erhebung, Verarbeitung und Verwendung von personenbezogenen Daten bei Nutzung dieser Webseite durch Rechtsanw\u00e4ltin Tabea J. Beuttler. Personenbezogen sind all diejenigen Daten, die auf Sie pers\u00f6nlich beziehbar sind, wie beispielsweise Name, Adresse, Registrierungsdaten, E-Mailadresse, Nutzungsverhalten.<\/p>\n<h4>Diensteanbieter (\u00a7 13 TMG) und verantwortliche Stelle (\u00a7 3 Abs. 7 BDSG)<\/h4>\n<p>Rechtsanw\u00e4ltin Tabea J. Beuttler, Pettenkoferstra\u00dfe 15, 10707 Berlin, mehr dazu unter <a href=\"http:\/\/kanzlei-beuttler.de\/impressum\/\">Impressum<\/a>.<\/p>\n<h4>Umfang der Erhebung und Verwendung von Daten<\/h4>\n<p>Sie k\u00f6nnen diese Webseite ohne vorherige Registrierung, Anmeldung oder sonstige \u00dcbermittlung von Informationen nutzen. Bei einer solchen rein informatorischen Nutzung werden grunds\u00e4tzlich keine personenbezogenen Daten erhoben, lediglich Ihr eigener, von Ihnen genutzter Browser erh\u00e4lt Daten ( \u201eServer-Logs\u00bb), damit Sie den Inhalt dieser Webseite lesen k\u00f6nnen. Diese Daten umfassen Ihre IP-Adresse, Hostname und Betriebssystem des jeweils zugreifenden Systems, Datum und Uhrzeit des Aufrufs, Browseridentifikation, -Typ und -Version.<\/p>\n<p>Eine hiesige weitere Verarbeitung dieser Daten erfolgt nicht \u00fcber die Nutzung dieser Webseite, insbesondere erfolgt keine Weitergabe Ihrer pers\u00f6nlicher Daten.<\/p>\n<h4>Einwilligung und Widerruf<\/h4>\n<p>Die Daten\u00fcbermittlung pers\u00f6nlicher oder gesch\u00e4ftlicher Art erfolgt freiwillig und kann jederzeit widerrufen werden. Einen solchen Widerruf richten Sie bitte an Rechtsanw\u00e4ltin Tabea J. Beuttler \u2013 entweder per E-Mail an info(at)kanzlei-beuttler.de oder postalisch an die oben genannte Adresse.<\/p>\n<h4>Auskunftsrecht<\/h4>\n<p>Sie d\u00fcrften jederzeit Auskunft \u00fcber die zu Ihnen bei Rechtsanw\u00e4ltin Tabea J. Beuttler gespeicherten Daten verlangen und deren Herkunft, Empf\u00e4nger oder Kategorien von Empf\u00e4ngern, an welche diese Daten weitergegeben werden und den Speicherungszweck erfahren. Eine solche pers\u00f6nliche Anfrage richten Sie bitte E-Mail an info(at)kanzlei-beuttler.de oder postalisch an die oben genannte Adresse.<\/p>\n<h4>Google Analytics und Cookies<\/h4>\n<p>\u201eGoogle Analytics\u201c ist ein Analysedienst der Google Inc. (\u201eGoogle\u00bb), den diese Webseite verwendet. Hierbei werden \u201eCookies\u201c (namentlich \u00abNID\u00bb) verwendet, also Textdateien, die auf Ihrem Rechner gespeichert werden und eine Analyse der Nutzung durch Sie und eine Optimierung der Webseite erm\u00f6glichen.<\/p>\n<p>Google Analytics wird hier mit einer Zusatzanonymisierung (_anonymizeIp()) verwendet, d.h. die \u00fcbermittelten IP-Adressen werden gek\u00fcrzt weiterverarbeitet und sind damit nicht mehr direkt auf Personen beziehbar, also anonymisiert.<\/p>\n<p>Die Speicherung der Cookies k\u00f6nnen Sie durch Einstellungen der Software Ihres Browsers verhindern.<\/p>\n<p>Wenn Sie dar\u00fcber hinaus die genannte Verwendung von Cookies durch Google Analytics nicht w\u00fcnschen, k\u00f6nnen Sie diese Funktion separat ausschalten (\u201eOpt-Out\u201c). Laden und installieren Sie dazu folgendes Browser-Plug-in: <a href=\"http:\/\/tools.google.com\/dlpage\/gaoptout?hl=de.\" target=\"_blank\" rel=\"noopener noreferrer\">http:\/\/tools.google.com\/dlpage\/gaoptout?hl=de<\/a><\/p>\n<p>Es findet keine Datenzusammenf\u00fchrung und kein Datenabgleich der von Ihnen \u00fcbermittelten IP-Adresse mit anderen Daten von Google oder anderen Datenquellen statt.<\/p>\n<p>Google Analytics wird entsprechend der Vereinbarungen der deutschen Datenschutzbeh\u00f6rden mit Google verwendet. Deren (Dritt-)Informationen und Nutzerbedingungen finden Sie \u00fcber Google Dublin, Google Ireland Ltd., Gordon House, Barrow Street, Dublin 4, Ireland, Fax 0035314361001.<br \/>\n<a href=\"https:\/\/www.google.com\/analytics\/terms\/de.html\" target=\"_blank\" rel=\"noopener noreferrer\">https:\/\/www.google.com\/analytics\/terms\/de.html<\/a> (Nutzerbedingungen),<br \/>\n<a href=\"http:\/\/www.google.com\/intl\/de\/analytics\/learn\/privacy.html\" target=\"_blank\" rel=\"noopener noreferrer\">https:\/\/www.google.com\/intl\/de\/analytics\/learn\/privacy.html<\/a> (\u00dcbersicht zum Datenschutz),<br \/>\n<a href=\"http:\/\/www.google.de\/intl\/de\/policies\/privacy\" target=\"_blank\" rel=\"noopener noreferrer\">https:\/\/www.google.de\/intl\/de\/policies\/privacy<\/a> (Datenschutzerkl\u00e4rung).<\/p>","protected":false},"excerpt":{"rendered":"<p>Hier erhalten Sie Informationen \u00fcber die sorgf\u00e4ltige Erhebung, Verarbeitung und Verwendung von personenbezogenen Daten bei Nutzung dieser Webseite durch Rechtsanw\u00e4ltin Tabea J. Beuttler. Personenbezogen sind all diejenigen Daten, die auf Sie pers\u00f6nlich beziehbar sind, wie beispielsweise Name, Adresse, Registrierungsdaten, E-Mailadresse,<\/p>\n","protected":false},"author":1,"featured_media":0,"parent":0,"menu_order":0,"comment_status":"closed","ping_status":"closed","template":"","meta":{"footnotes":""},"class_list":["post-618","page","type-page","status-publish","hentry"],"yoast_head":"<!-- This site is optimized with the Yoast SEO plugin v25.5 - https:\/\/yoast.com\/wordpress\/plugins\/seo\/ -->\n<title>Protecci\u00f3n de datos - Kanzlei Beuttler<\/title>\n<meta name=\"robots\" content=\"index, follow, max-snippet:-1, max-image-preview:large, max-video-preview:-1\" \/>\n<link rel=\"canonical\" href=\"https:\/\/kanzlei-beuttler.de\/datenschutz\/\" \/>\n<meta property=\"og:locale\" content=\"es_ES\" \/>\n<meta property=\"og:type\" content=\"article\" \/>\n<meta property=\"og:title\" content=\"[:de]Datenschutzerkl\u00e4rung[:en]Data protection[:es]Protecci\u00f3n de datos[:] - Kanzlei Beuttler\" \/>\n<meta property=\"og:description\" content=\"Hier erhalten Sie Informationen \u00fcber die sorgf\u00e4ltige Erhebung, Verarbeitung und Verwendung von personenbezogenen Daten bei Nutzung dieser Webseite durch Rechtsanw\u00e4ltin Tabea J. Beuttler. Personenbezogen sind all diejenigen Daten, die auf Sie pers\u00f6nlich beziehbar sind, wie beispielsweise Name, Adresse, Registrierungsdaten, E-Mailadresse,\" \/>\n<meta property=\"og:url\" content=\"https:\/\/kanzlei-beuttler.de\/datenschutz\/\" \/>\n<meta property=\"og:site_name\" content=\"Kanzlei Beuttler\" \/>\n<meta property=\"article:modified_time\" content=\"2025-01-16T12:48:57+00:00\" \/>\n<meta name=\"twitter:card\" content=\"summary_large_image\" \/>\n<meta name=\"twitter:label1\" content=\"Tiempo de lectura\" \/>\n\t<meta name=\"twitter:data1\" content=\"8 minutos\" \/>\n<script type=\"application\/ld+json\" class=\"yoast-schema-graph\">{\"@context\":\"https:\/\/schema.org\",\"@graph\":[{\"@type\":\"WebPage\",\"@id\":\"https:\/\/kanzlei-beuttler.de\/datenschutz\/\",\"url\":\"https:\/\/kanzlei-beuttler.de\/datenschutz\/\",\"name\":\"[:de]Datenschutzerkl\u00e4rung[:en]Data protection[:es]Protecci\u00f3n de datos[:] - Kanzlei Beuttler\",\"isPartOf\":{\"@id\":\"https:\/\/kanzlei-beuttler.de\/de\/#website\"},\"datePublished\":\"2018-05-16T19:31:37+00:00\",\"dateModified\":\"2025-01-16T12:48:57+00:00\",\"breadcrumb\":{\"@id\":\"https:\/\/kanzlei-beuttler.de\/datenschutz\/#breadcrumb\"},\"inLanguage\":\"es\",\"potentialAction\":[{\"@type\":\"ReadAction\",\"target\":[\"https:\/\/kanzlei-beuttler.de\/datenschutz\/\"]}]},{\"@type\":\"BreadcrumbList\",\"@id\":\"https:\/\/kanzlei-beuttler.de\/datenschutz\/#breadcrumb\",\"itemListElement\":[{\"@type\":\"ListItem\",\"position\":1,\"name\":\"Startseite\",\"item\":\"https:\/\/kanzlei-beuttler.de\/\"},{\"@type\":\"ListItem\",\"position\":2,\"name\":\"Datenschutzerkl\u00e4rung\"}]},{\"@type\":\"WebSite\",\"@id\":\"https:\/\/kanzlei-beuttler.de\/de\/#website\",\"url\":\"https:\/\/kanzlei-beuttler.de\/de\/\",\"name\":\"Kanzlei Beuttler\",\"description\":\"Ihre Anw\u00e4ltin in Berlin\",\"potentialAction\":[{\"@type\":\"SearchAction\",\"target\":{\"@type\":\"EntryPoint\",\"urlTemplate\":\"https:\/\/kanzlei-beuttler.de\/de\/?s={search_term_string}\"},\"query-input\":{\"@type\":\"PropertyValueSpecification\",\"valueRequired\":true,\"valueName\":\"search_term_string\"}}],\"inLanguage\":\"es\"}]}<\/script>\n<!-- \/ Yoast SEO plugin. -->","yoast_head_json":{"title":"[:de]Datenschutzerkl\u00e4rung[:en]Data protection[:es]Protecci\u00f3n de datos[:] - Kanzlei Beuttler","robots":{"index":"index","follow":"follow","max-snippet":"max-snippet:-1","max-image-preview":"max-image-preview:large","max-video-preview":"max-video-preview:-1"},"canonical":"https:\/\/kanzlei-beuttler.de\/datenschutz\/","og_locale":"es_ES","og_type":"article","og_title":"[:de]Datenschutzerkl\u00e4rung[:en]Data protection[:es]Protecci\u00f3n de datos[:] - Kanzlei Beuttler","og_description":"Hier erhalten Sie Informationen \u00fcber die sorgf\u00e4ltige Erhebung, Verarbeitung und Verwendung von personenbezogenen Daten bei Nutzung dieser Webseite durch Rechtsanw\u00e4ltin Tabea J. Beuttler. Personenbezogen sind all diejenigen Daten, die auf Sie pers\u00f6nlich beziehbar sind, wie beispielsweise Name, Adresse, Registrierungsdaten, E-Mailadresse,","og_url":"https:\/\/kanzlei-beuttler.de\/datenschutz\/","og_site_name":"Kanzlei Beuttler","article_modified_time":"2025-01-16T12:48:57+00:00","twitter_card":"summary_large_image","twitter_misc":{"Tiempo de lectura":"8 minutos"},"schema":{"@context":"https:\/\/schema.org","@graph":[{"@type":"WebPage","@id":"https:\/\/kanzlei-beuttler.de\/datenschutz\/","url":"https:\/\/kanzlei-beuttler.de\/datenschutz\/","name":"[:de]Datenschutzerkl\u00e4rung[:en]Data protection[:es]Protecci\u00f3n de datos[:] - Kanzlei Beuttler","isPartOf":{"@id":"https:\/\/kanzlei-beuttler.de\/de\/#website"},"datePublished":"2018-05-16T19:31:37+00:00","dateModified":"2025-01-16T12:48:57+00:00","breadcrumb":{"@id":"https:\/\/kanzlei-beuttler.de\/datenschutz\/#breadcrumb"},"inLanguage":"es","potentialAction":[{"@type":"ReadAction","target":["https:\/\/kanzlei-beuttler.de\/datenschutz\/"]}]},{"@type":"BreadcrumbList","@id":"https:\/\/kanzlei-beuttler.de\/datenschutz\/#breadcrumb","itemListElement":[{"@type":"ListItem","position":1,"name":"Startseite","item":"https:\/\/kanzlei-beuttler.de\/"},{"@type":"ListItem","position":2,"name":"Datenschutzerkl\u00e4rung"}]},{"@type":"WebSite","@id":"https:\/\/kanzlei-beuttler.de\/de\/#website","url":"https:\/\/kanzlei-beuttler.de\/de\/","name":"Kanzlei Beuttler","description":"Ihre Anw\u00e4ltin in Berlin","potentialAction":[{"@type":"SearchAction","target":{"@type":"EntryPoint","urlTemplate":"https:\/\/kanzlei-beuttler.de\/de\/?s={search_term_string}"},"query-input":{"@type":"PropertyValueSpecification","valueRequired":true,"valueName":"search_term_string"}}],"inLanguage":"es"}]}},"_links":{"self":[{"href":"https:\/\/kanzlei-beuttler.de\/es\/wp-json\/wp\/v2\/pages\/618","targetHints":{"allow":["GET"]}}],"collection":[{"href":"https:\/\/kanzlei-beuttler.de\/es\/wp-json\/wp\/v2\/pages"}],"about":[{"href":"https:\/\/kanzlei-beuttler.de\/es\/wp-json\/wp\/v2\/types\/page"}],"author":[{"embeddable":true,"href":"https:\/\/kanzlei-beuttler.de\/es\/wp-json\/wp\/v2\/users\/1"}],"replies":[{"embeddable":true,"href":"https:\/\/kanzlei-beuttler.de\/es\/wp-json\/wp\/v2\/comments?post=618"}],"version-history":[{"count":20,"href":"https:\/\/kanzlei-beuttler.de\/es\/wp-json\/wp\/v2\/pages\/618\/revisions"}],"predecessor-version":[{"id":820,"href":"https:\/\/kanzlei-beuttler.de\/es\/wp-json\/wp\/v2\/pages\/618\/revisions\/820"}],"wp:attachment":[{"href":"https:\/\/kanzlei-beuttler.de\/es\/wp-json\/wp\/v2\/media?parent=618"}],"curies":[{"name":"wp","href":"https:\/\/api.w.org\/{rel}","templated":true}]}}