{"id":17,"date":"2016-11-09T19:52:10","date_gmt":"2016-11-09T18:52:10","guid":{"rendered":"http:\/\/dev.honz-it.de\/wordpress\/?page_id=17"},"modified":"2022-06-07T11:11:42","modified_gmt":"2022-06-07T09:11:42","slug":"kosten","status":"publish","type":"page","link":"https:\/\/kanzlei-beuttler.de\/es\/kosten\/","title":{"rendered":"Costos"},"content":{"rendered":"<p>&nbsp;<\/p>\r\n<p>&nbsp;<\/p>\r\n<p class=\"keineFreieZeile\"><img loading=\"lazy\" decoding=\"async\" class=\"size-full wp-image-368 aligncenter\" src=\"http:\/\/kanzlei-beuttler.de\/wp-content\/uploads\/2017\/03\/Muenzglass_cropped_small_sw.png\" alt=\"\" width=\"1000\" height=\"240\" srcset=\"https:\/\/kanzlei-beuttler.de\/wp-content\/uploads\/2017\/03\/Muenzglass_cropped_small_sw.png 1000w, https:\/\/kanzlei-beuttler.de\/wp-content\/uploads\/2017\/03\/Muenzglass_cropped_small_sw-300x72.png 300w, https:\/\/kanzlei-beuttler.de\/wp-content\/uploads\/2017\/03\/Muenzglass_cropped_small_sw-768x184.png 768w\" sizes=\"auto, (max-width: 1000px) 100vw, 1000px\" \/><span lang=\"EN-US\">Un buen asesoramiento legal ahorra problemas, tiempo y dinero. Nuestros clientes no necesitan estar interesados en el derecho, pero no deben tener miedo de contactarnos. Estaremos encantados de realizar una cotizaci\u00f3n por adelantado, para que pueda tomar una decisi\u00f3n informada sobre su presupuesto<\/span>.<\/p>\r\n<ul>\r\n<li id=\"kosten\"><strong>Porcentaje\u00a0de\u00a0<\/strong><b>remuneraci\u00f3n\u00a0<\/b><br \/>Los <span lang=\"EN-US\">honorarios por el asesoramiento jur\u00eddico y la representaci\u00f3n legal se basan en la Ley alemana de honorarios de abogados (RVG) y consisten en las comisiones y los gastos. Por regla general, los honorarios se calculan en funci\u00f3n del valor de la actividad del abogado, a la que se asigna legalmente una determinada cantidad en forma de honorarios. En cualquier caso, existe la posibilidad de negociar un acuerdo de remuneraci\u00f3n<\/span>.<\/li>\r\n<\/ul>\r\n<ul>\r\n<li id=\"rechtsschutz\" class=\"keineFreieZeile\"><strong>Segura de asistencia jur\u00eddica\u00a0<\/strong><br \/>Si desea <span lang=\"EN-US\">concertar una cita de asesoramiento jur\u00eddico en base a la cobertura de los costes de su seguro de asistencia jur\u00eddica, es aconsejable que se ponga en contacto con su compa\u00f1\u00eda de seguros con antelaci\u00f3n. Con mucho gusto nos encargaremos de la comunicaci\u00f3n con el seguro de defensa jur\u00eddica como un servicio adicional gratuito<\/span>.<\/li>\r\n<\/ul>\r\n<ul>\r\n<li id=\"beratungshilfe\" class=\"keineFreieZeile\"><strong>Asesoramiento y asistencia jur\u00eddica\u00a0<\/strong><br \/>Para <span lang=\"EN-US\">todos aquellos que no pueden costear el asesoramiento jur\u00eddico y la representaci\u00f3n legal, existe la posibilidad de recibir asistencia jur\u00eddica<\/span>.<\/li>\r\n<\/ul>\r\n<ul>\r\n<li id=\"kostenumfang\" class=\"keineFreieZeile\"><strong>Volumen de facturaci\u00f3n<\/strong><br \/><span lang=\"EN-US\">En el procedimiento civil, la parte vencida debe pagar: debe pagar las tasas judiciales junto con las tasas de los peritos, los honorarios de su propio abogado y tambi\u00e9n los honorarios del abogado del oponente. Este no es el caso en la primera instancia de un procedimiento de sentencia ante el Tribunal de Trabajo: cada parte se hace cargo de los honorarios de su propio abogado. Las gastos judiciales corren generalmente a cargo de la parte perdedora<\/span>.<\/li>\r\n<\/ul>\r\n<p>&nbsp;<\/p>\r\n\r\n<p>&nbsp;<\/p>","protected":false},"excerpt":{"rendered":"<p>&nbsp; &nbsp; Un buen asesoramiento legal ahorra problemas, tiempo y dinero. Nuestros clientes no necesitan estar interesados en el derecho, pero no deben tener miedo de contactarnos. Estaremos encantados de realizar una cotizaci\u00f3n por adelantado, para que pueda tomar una<\/p>\n","protected":false},"author":1,"featured_media":0,"parent":0,"menu_order":0,"comment_status":"closed","ping_status":"closed","template":"","meta":{"footnotes":""},"class_list":["post-17","page","type-page","status-publish","hentry"],"yoast_head":"<!-- This site is optimized with the Yoast SEO plugin v25.5 - https:\/\/yoast.com\/wordpress\/plugins\/seo\/ -->\n<title>Costos - Kanzlei Beuttler<\/title>\n<meta name=\"robots\" content=\"index, follow, max-snippet:-1, max-image-preview:large, max-video-preview:-1\" \/>\n<link rel=\"canonical\" href=\"https:\/\/kanzlei-beuttler.de\/de\/kosten\/\" \/>\n<meta property=\"og:locale\" content=\"es_ES\" \/>\n<meta property=\"og:type\" content=\"article\" \/>\n<meta property=\"og:title\" content=\"[:de]Kosten[:en]Costs[:es]Costos[:] - Kanzlei Beuttler\" \/>\n<meta property=\"og:description\" content=\"&nbsp; &nbsp; Un buen asesoramiento legal ahorra problemas, tiempo y dinero. Nuestros clientes no necesitan estar interesados en el derecho, pero no deben tener miedo de contactarnos. Estaremos encantados de realizar una cotizaci\u00f3n por adelantado, para que pueda tomar una\" \/>\n<meta property=\"og:url\" content=\"https:\/\/kanzlei-beuttler.de\/de\/kosten\/\" \/>\n<meta property=\"og:site_name\" content=\"Kanzlei Beuttler\" \/>\n<meta property=\"article:modified_time\" content=\"2022-06-07T09:11:42+00:00\" \/>\n<meta property=\"og:image\" content=\"http:\/\/kanzlei-beuttler.de\/wp-content\/uploads\/2017\/03\/Muenzglass_cropped_small_sw.png\" \/>\n<meta name=\"twitter:card\" content=\"summary_large_image\" \/>\n<meta name=\"twitter:label1\" content=\"Tiempo de lectura\" \/>\n\t<meta name=\"twitter:data1\" content=\"4 minutos\" \/>\n<script type=\"application\/ld+json\" class=\"yoast-schema-graph\">{\"@context\":\"https:\/\/schema.org\",\"@graph\":[{\"@type\":\"WebPage\",\"@id\":\"https:\/\/kanzlei-beuttler.de\/de\/kosten\/\",\"url\":\"https:\/\/kanzlei-beuttler.de\/de\/kosten\/\",\"name\":\"[:de]Kosten[:en]Costs[:es]Costos[:] - Kanzlei Beuttler\",\"isPartOf\":{\"@id\":\"https:\/\/kanzlei-beuttler.de\/de\/#website\"},\"primaryImageOfPage\":{\"@id\":\"https:\/\/kanzlei-beuttler.de\/de\/kosten\/#primaryimage\"},\"image\":{\"@id\":\"https:\/\/kanzlei-beuttler.de\/de\/kosten\/#primaryimage\"},\"thumbnailUrl\":\"http:\/\/kanzlei-beuttler.de\/wp-content\/uploads\/2017\/03\/Muenzglass_cropped_small_sw.png\",\"datePublished\":\"2016-11-09T18:52:10+00:00\",\"dateModified\":\"2022-06-07T09:11:42+00:00\",\"breadcrumb\":{\"@id\":\"https:\/\/kanzlei-beuttler.de\/de\/kosten\/#breadcrumb\"},\"inLanguage\":\"es\",\"potentialAction\":[{\"@type\":\"ReadAction\",\"target\":[\"https:\/\/kanzlei-beuttler.de\/de\/kosten\/\"]}]},{\"@type\":\"ImageObject\",\"inLanguage\":\"es\",\"@id\":\"https:\/\/kanzlei-beuttler.de\/de\/kosten\/#primaryimage\",\"url\":\"http:\/\/kanzlei-beuttler.de\/wp-content\/uploads\/2017\/03\/Muenzglass_cropped_small_sw.png\",\"contentUrl\":\"http:\/\/kanzlei-beuttler.de\/wp-content\/uploads\/2017\/03\/Muenzglass_cropped_small_sw.png\"},{\"@type\":\"BreadcrumbList\",\"@id\":\"https:\/\/kanzlei-beuttler.de\/de\/kosten\/#breadcrumb\",\"itemListElement\":[{\"@type\":\"ListItem\",\"position\":1,\"name\":\"Startseite\",\"item\":\"https:\/\/kanzlei-beuttler.de\/\"},{\"@type\":\"ListItem\",\"position\":2,\"name\":\"Kosten\"}]},{\"@type\":\"WebSite\",\"@id\":\"https:\/\/kanzlei-beuttler.de\/de\/#website\",\"url\":\"https:\/\/kanzlei-beuttler.de\/de\/\",\"name\":\"Kanzlei Beuttler\",\"description\":\"Ihre Anw\u00e4ltin in Berlin\",\"potentialAction\":[{\"@type\":\"SearchAction\",\"target\":{\"@type\":\"EntryPoint\",\"urlTemplate\":\"https:\/\/kanzlei-beuttler.de\/de\/?s={search_term_string}\"},\"query-input\":{\"@type\":\"PropertyValueSpecification\",\"valueRequired\":true,\"valueName\":\"search_term_string\"}}],\"inLanguage\":\"es\"}]}<\/script>\n<!-- \/ Yoast SEO plugin. -->","yoast_head_json":{"title":"[:de]Kosten[:en]Costs[:es]Costos[:] - Kanzlei Beuttler","robots":{"index":"index","follow":"follow","max-snippet":"max-snippet:-1","max-image-preview":"max-image-preview:large","max-video-preview":"max-video-preview:-1"},"canonical":"https:\/\/kanzlei-beuttler.de\/de\/kosten\/","og_locale":"es_ES","og_type":"article","og_title":"[:de]Kosten[:en]Costs[:es]Costos[:] - Kanzlei Beuttler","og_description":"&nbsp; &nbsp; Un buen asesoramiento legal ahorra problemas, tiempo y dinero. Nuestros clientes no necesitan estar interesados en el derecho, pero no deben tener miedo de contactarnos. Estaremos encantados de realizar una cotizaci\u00f3n por adelantado, para que pueda tomar una","og_url":"https:\/\/kanzlei-beuttler.de\/de\/kosten\/","og_site_name":"Kanzlei Beuttler","article_modified_time":"2022-06-07T09:11:42+00:00","og_image":[{"url":"http:\/\/kanzlei-beuttler.de\/wp-content\/uploads\/2017\/03\/Muenzglass_cropped_small_sw.png","type":"","width":"","height":""}],"twitter_card":"summary_large_image","twitter_misc":{"Tiempo de lectura":"4 minutos"},"schema":{"@context":"https:\/\/schema.org","@graph":[{"@type":"WebPage","@id":"https:\/\/kanzlei-beuttler.de\/de\/kosten\/","url":"https:\/\/kanzlei-beuttler.de\/de\/kosten\/","name":"[:de]Kosten[:en]Costs[:es]Costos[:] - Kanzlei Beuttler","isPartOf":{"@id":"https:\/\/kanzlei-beuttler.de\/de\/#website"},"primaryImageOfPage":{"@id":"https:\/\/kanzlei-beuttler.de\/de\/kosten\/#primaryimage"},"image":{"@id":"https:\/\/kanzlei-beuttler.de\/de\/kosten\/#primaryimage"},"thumbnailUrl":"http:\/\/kanzlei-beuttler.de\/wp-content\/uploads\/2017\/03\/Muenzglass_cropped_small_sw.png","datePublished":"2016-11-09T18:52:10+00:00","dateModified":"2022-06-07T09:11:42+00:00","breadcrumb":{"@id":"https:\/\/kanzlei-beuttler.de\/de\/kosten\/#breadcrumb"},"inLanguage":"es","potentialAction":[{"@type":"ReadAction","target":["https:\/\/kanzlei-beuttler.de\/de\/kosten\/"]}]},{"@type":"ImageObject","inLanguage":"es","@id":"https:\/\/kanzlei-beuttler.de\/de\/kosten\/#primaryimage","url":"http:\/\/kanzlei-beuttler.de\/wp-content\/uploads\/2017\/03\/Muenzglass_cropped_small_sw.png","contentUrl":"http:\/\/kanzlei-beuttler.de\/wp-content\/uploads\/2017\/03\/Muenzglass_cropped_small_sw.png"},{"@type":"BreadcrumbList","@id":"https:\/\/kanzlei-beuttler.de\/de\/kosten\/#breadcrumb","itemListElement":[{"@type":"ListItem","position":1,"name":"Startseite","item":"https:\/\/kanzlei-beuttler.de\/"},{"@type":"ListItem","position":2,"name":"Kosten"}]},{"@type":"WebSite","@id":"https:\/\/kanzlei-beuttler.de\/de\/#website","url":"https:\/\/kanzlei-beuttler.de\/de\/","name":"Kanzlei Beuttler","description":"Ihre Anw\u00e4ltin in Berlin","potentialAction":[{"@type":"SearchAction","target":{"@type":"EntryPoint","urlTemplate":"https:\/\/kanzlei-beuttler.de\/de\/?s={search_term_string}"},"query-input":{"@type":"PropertyValueSpecification","valueRequired":true,"valueName":"search_term_string"}}],"inLanguage":"es"}]}},"_links":{"self":[{"href":"https:\/\/kanzlei-beuttler.de\/es\/wp-json\/wp\/v2\/pages\/17","targetHints":{"allow":["GET"]}}],"collection":[{"href":"https:\/\/kanzlei-beuttler.de\/es\/wp-json\/wp\/v2\/pages"}],"about":[{"href":"https:\/\/kanzlei-beuttler.de\/es\/wp-json\/wp\/v2\/types\/page"}],"author":[{"embeddable":true,"href":"https:\/\/kanzlei-beuttler.de\/es\/wp-json\/wp\/v2\/users\/1"}],"replies":[{"embeddable":true,"href":"https:\/\/kanzlei-beuttler.de\/es\/wp-json\/wp\/v2\/comments?post=17"}],"version-history":[{"count":48,"href":"https:\/\/kanzlei-beuttler.de\/es\/wp-json\/wp\/v2\/pages\/17\/revisions"}],"predecessor-version":[{"id":815,"href":"https:\/\/kanzlei-beuttler.de\/es\/wp-json\/wp\/v2\/pages\/17\/revisions\/815"}],"wp:attachment":[{"href":"https:\/\/kanzlei-beuttler.de\/es\/wp-json\/wp\/v2\/media?parent=17"}],"curies":[{"name":"wp","href":"https:\/\/api.w.org\/{rel}","templated":true}]}}