{"id":14,"date":"2016-11-09T19:49:41","date_gmt":"2016-11-09T18:49:41","guid":{"rendered":"http:\/\/dev.honz-it.de\/wordpress\/?page_id=14"},"modified":"2021-04-14T22:03:22","modified_gmt":"2021-04-14T20:03:22","slug":"kanzlei","status":"publish","type":"page","link":"https:\/\/kanzlei-beuttler.de\/es\/kanzlei\/","title":{"rendered":"Bufete"},"content":{"rendered":"<p>&nbsp;<\/p>\n<p class=\"keineFreieZeile\"><img loading=\"lazy\" decoding=\"async\" class=\"aligncenter wp-image-657 size-full\" src=\"https:\/\/kanzlei-beuttler.de\/wp-content\/uploads\/2019\/11\/Kanzleihausflur_adjusted_1000_240.jpg\" alt=\"\" width=\"1000\" height=\"240\" srcset=\"https:\/\/kanzlei-beuttler.de\/wp-content\/uploads\/2019\/11\/Kanzleihausflur_adjusted_1000_240.jpg 1000w, https:\/\/kanzlei-beuttler.de\/wp-content\/uploads\/2019\/11\/Kanzleihausflur_adjusted_1000_240-300x72.jpg 300w, https:\/\/kanzlei-beuttler.de\/wp-content\/uploads\/2019\/11\/Kanzleihausflur_adjusted_1000_240-768x184.jpg 768w\" sizes=\"auto, (max-width: 1000px) 100vw, 1000px\" \/><\/p>\n<p><strong>Sobre la abogada<\/strong><\/p>\n<ul>\n<li id=\"spezialisiert\" class=\"keineFreieZeile\"><strong>Especialista &amp; con experiencia<\/strong><br \/>\nLa abogada Tabea J. Beuttler se ha especializado en derecho laboral durante 10 a<span lang=\"EN-US\">\u00f1<\/span>os\u00a0y ha trabajado anteriormente para otros bufetes de abogados en Konstanz y Berl\u00edn, as\u00ed como para la DGB Rechtsschutz GmbH y la Deutsche Orchestervereinigung e. V. (DOV). Ha realizado con \u00e9xito el estudio de la abogac\u00eda especializada en derecho laboral.<\/li>\n<\/ul>\n<ul>\n<li id=\"zertifiziert\" class=\"keineFreieZeile\"><strong>Certificada &amp; competente<br \/>\n<\/strong>Desto 2011, la C\u00e1mara Federal de Abogados (Bundesrechtsanwaltskammer) le otorg\u00f3 el certificado \u201eQualit\u00e4t durch Fortbildung\u201c (\u00abCalidad a trav\u00e9s de la formaci\u00f3n continua\u00bb) y desde 2014, tambi\u00e9n recibe cada a<span lang=\"EN-US\">\u00f1<\/span>o el certificado de formaci\u00f3n continua de la Deutscher Anwaltverein (DAV).<\/li>\n<\/ul>\n<ul>\n<li id=\"engagiert\" class=\"keineFreieZeile\"><strong>Comprometida &amp; activa<\/strong><br \/>\nLa abogada Tabea J. Beuttler es docente en la Hochschule f\u00fcr Wirtschaft und Recht Berlin (la Escuela\u00a0de Econom\u00eda y Derecho de Berl\u00edn) desde\u00a02017, donde\u00a0ense\u00f1a\u00a0derecho laboral. Desde 2012 imparte clases de derecho laboral y comercial a estudiantes de la Beuth Hochschule f\u00fcr Technik Berlin. La abogada, estudi\u00f3 derecho en Konstanz y Barcelona y realiz\u00f3 pr\u00e1cticas en Baden-W\u00fcrttemberg y Minneapolis, Minnesota.<\/li>\n<\/ul>\n<p><strong>Idiomas<\/strong><\/p>\n<ul>\n<li>Alem\u00e1n, ingl\u00e9s y espa\u00f1ol<\/li>\n<\/ul>\n<p><strong>Afiliaciones<\/strong><\/p>\n<ul>\n<li>C\u00e1mara de Abogados de Berl\u00edn (Rechtsanwaltskammer Berlin)<\/li>\n<li>Colegio de Abogados de Berl\u00edn (Berliner Anwaltsverein)<\/li>\n<\/ul>\n<p>Encontrar\u00e1 m\u00e1s informaci\u00f3n en el apartado \u00c0reas jur\u00eddicas <a href=\"http:\/\/kanzlei-beuttler.de\/rechtsgebiete\/\">Rechtsgebiete<\/a>.<\/p>\n<p>&nbsp;<\/p>","protected":false},"excerpt":{"rendered":"<p>&nbsp; Sobre la abogada Especialista &amp; con experiencia La abogada Tabea J. Beuttler se ha especializado en derecho laboral durante 10 a\u00f1os\u00a0y ha trabajado anteriormente para otros bufetes de abogados en Konstanz y Berl\u00edn, as\u00ed como para la DGB Rechtsschutz<\/p>\n","protected":false},"author":1,"featured_media":0,"parent":0,"menu_order":0,"comment_status":"closed","ping_status":"closed","template":"","meta":{"footnotes":""},"class_list":["post-14","page","type-page","status-publish","hentry"],"yoast_head":"<!-- This site is optimized with the Yoast SEO plugin v25.5 - https:\/\/yoast.com\/wordpress\/plugins\/seo\/ -->\n<title>Spezialisiert &amp; erfahren: Arbeitsrecht. Zertifiziert &amp; kompetent: Qualit\u00e4t durch Fortbildung. Engagiert &amp; aktiv: Hochschullehrbeauftragte im Arbeits- und Wirtschaftsrecht.<\/title>\n<meta name=\"description\" content=\"Spezialisiert &amp; erfahren im Arbeitsrecht. Zertifiziert &amp; kompetent: Qualit\u00e4t durch Fortbildung (Bundesrechtsanwaltskammer). Engagiert &amp; aktiv: Hochschullehrbeauftragte im Arbeits- und Wirtschaftsrecht an der Beuth Hochschule f\u00fcr Technik Berlin.\" \/>\n<meta name=\"robots\" content=\"index, follow, max-snippet:-1, max-image-preview:large, max-video-preview:-1\" \/>\n<link rel=\"canonical\" href=\"https:\/\/kanzlei-beuttler.de\/de\/kanzlei\/\" \/>\n<meta property=\"og:locale\" content=\"es_ES\" \/>\n<meta property=\"og:type\" content=\"article\" \/>\n<meta property=\"og:title\" content=\"Spezialisiert &amp; erfahren: Arbeitsrecht. Zertifiziert &amp; kompetent: Qualit\u00e4t durch Fortbildung. Engagiert &amp; aktiv: Hochschullehrbeauftragte im Arbeits- und Wirtschaftsrecht.\" \/>\n<meta property=\"og:description\" content=\"Spezialisiert &amp; erfahren im Arbeitsrecht. Zertifiziert &amp; kompetent: Qualit\u00e4t durch Fortbildung (Bundesrechtsanwaltskammer). Engagiert &amp; aktiv: Hochschullehrbeauftragte im Arbeits- und Wirtschaftsrecht an der Beuth Hochschule f\u00fcr Technik Berlin.\" \/>\n<meta property=\"og:url\" content=\"https:\/\/kanzlei-beuttler.de\/de\/kanzlei\/\" \/>\n<meta property=\"og:site_name\" content=\"Kanzlei Beuttler\" \/>\n<meta property=\"article:modified_time\" content=\"2021-04-14T20:03:22+00:00\" \/>\n<meta property=\"og:image\" content=\"https:\/\/kanzlei-beuttler.de\/wp-content\/uploads\/2021\/04\/KanzleiGebaeude.jpg\" \/>\n<meta name=\"twitter:card\" content=\"summary_large_image\" \/>\n<meta name=\"twitter:label1\" content=\"Tiempo de lectura\" \/>\n\t<meta name=\"twitter:data1\" content=\"3 minutos\" \/>\n<script type=\"application\/ld+json\" class=\"yoast-schema-graph\">{\"@context\":\"https:\/\/schema.org\",\"@graph\":[{\"@type\":\"WebPage\",\"@id\":\"https:\/\/kanzlei-beuttler.de\/de\/kanzlei\/\",\"url\":\"https:\/\/kanzlei-beuttler.de\/de\/kanzlei\/\",\"name\":\"Spezialisiert & erfahren: Arbeitsrecht. Zertifiziert & kompetent: Qualit\u00e4t durch Fortbildung. Engagiert & aktiv: Hochschullehrbeauftragte im Arbeits- und Wirtschaftsrecht.\",\"isPartOf\":{\"@id\":\"https:\/\/kanzlei-beuttler.de\/de\/#website\"},\"primaryImageOfPage\":{\"@id\":\"https:\/\/kanzlei-beuttler.de\/de\/kanzlei\/#primaryimage\"},\"image\":{\"@id\":\"https:\/\/kanzlei-beuttler.de\/de\/kanzlei\/#primaryimage\"},\"thumbnailUrl\":\"https:\/\/kanzlei-beuttler.de\/wp-content\/uploads\/2021\/04\/KanzleiGebaeude.jpg\",\"datePublished\":\"2016-11-09T18:49:41+00:00\",\"dateModified\":\"2021-04-14T20:03:22+00:00\",\"description\":\"Spezialisiert & erfahren im Arbeitsrecht. Zertifiziert & kompetent: Qualit\u00e4t durch Fortbildung (Bundesrechtsanwaltskammer). Engagiert & aktiv: Hochschullehrbeauftragte im Arbeits- und Wirtschaftsrecht an der Beuth Hochschule f\u00fcr Technik Berlin.\",\"breadcrumb\":{\"@id\":\"https:\/\/kanzlei-beuttler.de\/de\/kanzlei\/#breadcrumb\"},\"inLanguage\":\"es\",\"potentialAction\":[{\"@type\":\"ReadAction\",\"target\":[\"https:\/\/kanzlei-beuttler.de\/de\/kanzlei\/\"]}]},{\"@type\":\"ImageObject\",\"inLanguage\":\"es\",\"@id\":\"https:\/\/kanzlei-beuttler.de\/de\/kanzlei\/#primaryimage\",\"url\":\"https:\/\/kanzlei-beuttler.de\/wp-content\/uploads\/2021\/04\/KanzleiGebaeude.jpg\",\"contentUrl\":\"https:\/\/kanzlei-beuttler.de\/wp-content\/uploads\/2021\/04\/KanzleiGebaeude.jpg\"},{\"@type\":\"BreadcrumbList\",\"@id\":\"https:\/\/kanzlei-beuttler.de\/de\/kanzlei\/#breadcrumb\",\"itemListElement\":[{\"@type\":\"ListItem\",\"position\":1,\"name\":\"Startseite\",\"item\":\"https:\/\/kanzlei-beuttler.de\/\"},{\"@type\":\"ListItem\",\"position\":2,\"name\":\"Kanzlei\"}]},{\"@type\":\"WebSite\",\"@id\":\"https:\/\/kanzlei-beuttler.de\/de\/#website\",\"url\":\"https:\/\/kanzlei-beuttler.de\/de\/\",\"name\":\"Kanzlei Beuttler\",\"description\":\"Ihre Anw\u00e4ltin in Berlin\",\"potentialAction\":[{\"@type\":\"SearchAction\",\"target\":{\"@type\":\"EntryPoint\",\"urlTemplate\":\"https:\/\/kanzlei-beuttler.de\/de\/?s={search_term_string}\"},\"query-input\":{\"@type\":\"PropertyValueSpecification\",\"valueRequired\":true,\"valueName\":\"search_term_string\"}}],\"inLanguage\":\"es\"}]}<\/script>\n<!-- \/ Yoast SEO plugin. -->","yoast_head_json":{"title":"Spezialisiert & erfahren: Arbeitsrecht. Zertifiziert & kompetent: Qualit\u00e4t durch Fortbildung. Engagiert & aktiv: Hochschullehrbeauftragte im Arbeits- und Wirtschaftsrecht.","description":"Spezialisiert & erfahren im Arbeitsrecht. Zertifiziert & kompetent: Qualit\u00e4t durch Fortbildung (Bundesrechtsanwaltskammer). Engagiert & aktiv: Hochschullehrbeauftragte im Arbeits- und Wirtschaftsrecht an der Beuth Hochschule f\u00fcr Technik Berlin.","robots":{"index":"index","follow":"follow","max-snippet":"max-snippet:-1","max-image-preview":"max-image-preview:large","max-video-preview":"max-video-preview:-1"},"canonical":"https:\/\/kanzlei-beuttler.de\/de\/kanzlei\/","og_locale":"es_ES","og_type":"article","og_title":"Spezialisiert & erfahren: Arbeitsrecht. Zertifiziert & kompetent: Qualit\u00e4t durch Fortbildung. Engagiert & aktiv: Hochschullehrbeauftragte im Arbeits- und Wirtschaftsrecht.","og_description":"Spezialisiert & erfahren im Arbeitsrecht. Zertifiziert & kompetent: Qualit\u00e4t durch Fortbildung (Bundesrechtsanwaltskammer). Engagiert & aktiv: Hochschullehrbeauftragte im Arbeits- und Wirtschaftsrecht an der Beuth Hochschule f\u00fcr Technik Berlin.","og_url":"https:\/\/kanzlei-beuttler.de\/de\/kanzlei\/","og_site_name":"Kanzlei Beuttler","article_modified_time":"2021-04-14T20:03:22+00:00","og_image":[{"url":"https:\/\/kanzlei-beuttler.de\/wp-content\/uploads\/2021\/04\/KanzleiGebaeude.jpg","type":"","width":"","height":""}],"twitter_card":"summary_large_image","twitter_misc":{"Tiempo de lectura":"3 minutos"},"schema":{"@context":"https:\/\/schema.org","@graph":[{"@type":"WebPage","@id":"https:\/\/kanzlei-beuttler.de\/de\/kanzlei\/","url":"https:\/\/kanzlei-beuttler.de\/de\/kanzlei\/","name":"Spezialisiert & erfahren: Arbeitsrecht. Zertifiziert & kompetent: Qualit\u00e4t durch Fortbildung. Engagiert & aktiv: Hochschullehrbeauftragte im Arbeits- und Wirtschaftsrecht.","isPartOf":{"@id":"https:\/\/kanzlei-beuttler.de\/de\/#website"},"primaryImageOfPage":{"@id":"https:\/\/kanzlei-beuttler.de\/de\/kanzlei\/#primaryimage"},"image":{"@id":"https:\/\/kanzlei-beuttler.de\/de\/kanzlei\/#primaryimage"},"thumbnailUrl":"https:\/\/kanzlei-beuttler.de\/wp-content\/uploads\/2021\/04\/KanzleiGebaeude.jpg","datePublished":"2016-11-09T18:49:41+00:00","dateModified":"2021-04-14T20:03:22+00:00","description":"Spezialisiert & erfahren im Arbeitsrecht. Zertifiziert & kompetent: Qualit\u00e4t durch Fortbildung (Bundesrechtsanwaltskammer). Engagiert & aktiv: Hochschullehrbeauftragte im Arbeits- und Wirtschaftsrecht an der Beuth Hochschule f\u00fcr Technik Berlin.","breadcrumb":{"@id":"https:\/\/kanzlei-beuttler.de\/de\/kanzlei\/#breadcrumb"},"inLanguage":"es","potentialAction":[{"@type":"ReadAction","target":["https:\/\/kanzlei-beuttler.de\/de\/kanzlei\/"]}]},{"@type":"ImageObject","inLanguage":"es","@id":"https:\/\/kanzlei-beuttler.de\/de\/kanzlei\/#primaryimage","url":"https:\/\/kanzlei-beuttler.de\/wp-content\/uploads\/2021\/04\/KanzleiGebaeude.jpg","contentUrl":"https:\/\/kanzlei-beuttler.de\/wp-content\/uploads\/2021\/04\/KanzleiGebaeude.jpg"},{"@type":"BreadcrumbList","@id":"https:\/\/kanzlei-beuttler.de\/de\/kanzlei\/#breadcrumb","itemListElement":[{"@type":"ListItem","position":1,"name":"Startseite","item":"https:\/\/kanzlei-beuttler.de\/"},{"@type":"ListItem","position":2,"name":"Kanzlei"}]},{"@type":"WebSite","@id":"https:\/\/kanzlei-beuttler.de\/de\/#website","url":"https:\/\/kanzlei-beuttler.de\/de\/","name":"Kanzlei Beuttler","description":"Ihre Anw\u00e4ltin in Berlin","potentialAction":[{"@type":"SearchAction","target":{"@type":"EntryPoint","urlTemplate":"https:\/\/kanzlei-beuttler.de\/de\/?s={search_term_string}"},"query-input":{"@type":"PropertyValueSpecification","valueRequired":true,"valueName":"search_term_string"}}],"inLanguage":"es"}]}},"_links":{"self":[{"href":"https:\/\/kanzlei-beuttler.de\/es\/wp-json\/wp\/v2\/pages\/14","targetHints":{"allow":["GET"]}}],"collection":[{"href":"https:\/\/kanzlei-beuttler.de\/es\/wp-json\/wp\/v2\/pages"}],"about":[{"href":"https:\/\/kanzlei-beuttler.de\/es\/wp-json\/wp\/v2\/types\/page"}],"author":[{"embeddable":true,"href":"https:\/\/kanzlei-beuttler.de\/es\/wp-json\/wp\/v2\/users\/1"}],"replies":[{"embeddable":true,"href":"https:\/\/kanzlei-beuttler.de\/es\/wp-json\/wp\/v2\/comments?post=14"}],"version-history":[{"count":48,"href":"https:\/\/kanzlei-beuttler.de\/es\/wp-json\/wp\/v2\/pages\/14\/revisions"}],"predecessor-version":[{"id":810,"href":"https:\/\/kanzlei-beuttler.de\/es\/wp-json\/wp\/v2\/pages\/14\/revisions\/810"}],"wp:attachment":[{"href":"https:\/\/kanzlei-beuttler.de\/es\/wp-json\/wp\/v2\/media?parent=14"}],"curies":[{"name":"wp","href":"https:\/\/api.w.org\/{rel}","templated":true}]}}