{"id":85,"date":"2017-01-05T19:01:29","date_gmt":"2017-01-05T18:01:29","guid":{"rendered":"http:\/\/dev.honz-it.de\/wordpress\/?page_id=85"},"modified":"2025-07-18T08:27:21","modified_gmt":"2025-07-18T06:27:21","slug":"impressum","status":"publish","type":"page","link":"https:\/\/kanzlei-beuttler.de\/en\/impressum\/","title":{"rendered":"Impressum"},"content":{"rendered":"<p>Rechtsanw\u00e4ltin Tabea J. Beuttler<br \/>\nContact:<br \/>\nPettenkoferstrasse 15<br \/>\n10247 Berlin<br \/>\nTelefon: 030\/ 88 70 46 46<br \/>\nFax: 030\/ 88 70 46 47<br \/>\nE-Mail: <a href=\"&#109;&#97;&#x69;l&#116;&#x6f;&#x3a;i&#110;&#x66;&#x6f;&#64;&#107;&#x61;&#x6e;z&#108;&#x65;&#x69;-&#98;&#x65;&#x75;t&#116;&#x6c;e&#114;&#46;&#x64;e\">&#105;&#x6e;&#102;&#x6f;&#64;&#x6b;a&#110;&#x7a;&#108;&#x65;i&#x2d;b&#101;&#x75;&#116;&#x74;l&#x65;r&#46;&#x64;&#101;<\/a><\/p>\n<p>Ust-IdNr.: DE273613147<\/p>\n<p>Frau Tabea J. Beuttler ist in der Bundesrepublik Deutschland als Rechtsanw\u00e4ltin zugelassen und ist Mitglied der Rechtsanwaltskammer Berlin, Littenstra\u00dfe 9, 10179 Berlin, Telefon: 030\/ 30 69 31-0,\u00a0E-Mail: <a href=\"&#x6d;&#x61;&#x69;&#108;&#116;&#111;:i&#x6e;&#x66;&#x6f;&#x40;&#114;&#97;k-&#x62;&#x65;&#x72;&#x6c;&#105;&#110;&#46;d&#x65;\">in&#102;&#111;&#64;&#x72;&#x61;&#x6b;&#x2d;be&#114;&#108;&#105;&#x6e;&#x2e;&#x64;&#x65;<\/a>, <a class=\"link\" href=\"http:\/\/www.rechtsanwaltskammer-berlin.de\" target=\"_blank\" rel=\"noopener noreferrer\">www.rechtsanwaltskammer-berlin.de<\/a>.<br \/>\nDie berufsrechtlichen Regelungen f\u00fcr die Kanzlei Beuttler ergeben sich aus folgenden Quellen:<br \/>\n&#8211; Bundesrechtsanwaltsordnung (BRAO),<br \/>\n&#8211; Berufsordnung f\u00fcr Rechtsanw\u00e4lte (BORA),<br \/>\n&#8211; Rechtsanwaltsverg\u00fctungsgesetz (RVG),<br \/>\n&#8211; Bundesrechtsanwaltsgeb\u00fchrenordnung (BRAGO)<br \/>\nund k\u00f6nnen unter <a class=\"link\" href=\"http:\/\/www.brak.de\/seiten\/06.php\" target=\"_blank\" rel=\"noopener noreferrer\">http:\/\/www.brak.de\/seiten\/06.php<\/a> eingesehen werden.<\/p>\n<p>Berufshaftpflichtversicherung: R + V Allgemeine Versicherung AG in 65181 Wiesbaden<\/p>","protected":false},"excerpt":{"rendered":"<p>Rechtsanw\u00e4ltin Tabea J. Beuttler Contact: Pettenkoferstrasse 15 10247 Berlin Telefon: 030\/ 88 70 46 46 Fax: 030\/ 88 70 46 47 E-Mail: &#105;&#110;&#x66;o&#64;&#x6b;&#x61;n&#122;&#x6c;&#x65;i&#45;&#x62;&#x65;u&#116;&#x74;&#x6c;e&#114;&#x2e;&#x64;e Ust-IdNr.: DE273613147 Frau Tabea J. Beuttler ist in der Bundesrepublik Deutschland als Rechtsanw\u00e4ltin zugelassen und ist Mitglied<\/p>\n","protected":false},"author":1,"featured_media":0,"parent":0,"menu_order":0,"comment_status":"closed","ping_status":"closed","template":"","meta":{"footnotes":""},"class_list":["post-85","page","type-page","status-publish","hentry"],"yoast_head":"<!-- This site is optimized with the Yoast SEO plugin v25.5 - https:\/\/yoast.com\/wordpress\/plugins\/seo\/ -->\n<title>Kanzlei f\u00fcr Arbeitsrecht: Rechtsanw\u00e4ltin Tabea J. Beuttler in der Konstanzer Strasse 57 in 10707 Berlin.<\/title>\n<meta name=\"description\" content=\"Kanzlei f\u00fcr Arbeitsrecht: Rechtsanw\u00e4ltin Tabea J. Beuttler in der Konstanzer Strasse 57 in 10707 Berlin. info@kanzlei-beuttler.de. 03088704646.\" \/>\n<meta name=\"robots\" content=\"index, follow, max-snippet:-1, max-image-preview:large, max-video-preview:-1\" \/>\n<link rel=\"canonical\" href=\"https:\/\/kanzlei-beuttler.de\/impressum\/\" \/>\n<meta property=\"og:locale\" content=\"en_US\" \/>\n<meta property=\"og:type\" content=\"article\" \/>\n<meta property=\"og:title\" content=\"Kanzlei f\u00fcr Arbeitsrecht: Rechtsanw\u00e4ltin Tabea J. Beuttler in der Konstanzer Strasse 57 in 10707 Berlin.\" \/>\n<meta property=\"og:description\" content=\"Kanzlei f\u00fcr Arbeitsrecht: Rechtsanw\u00e4ltin Tabea J. Beuttler in der Konstanzer Strasse 57 in 10707 Berlin. info@kanzlei-beuttler.de. 03088704646.\" \/>\n<meta property=\"og:url\" content=\"https:\/\/kanzlei-beuttler.de\/impressum\/\" \/>\n<meta property=\"og:site_name\" content=\"Kanzlei Beuttler\" \/>\n<meta property=\"article:modified_time\" content=\"2025-07-18T06:27:21+00:00\" \/>\n<meta name=\"twitter:card\" content=\"summary_large_image\" \/>\n<meta name=\"twitter:label1\" content=\"Est. reading time\" \/>\n\t<meta name=\"twitter:data1\" content=\"2 minutes\" \/>\n<script type=\"application\/ld+json\" class=\"yoast-schema-graph\">{\"@context\":\"https:\/\/schema.org\",\"@graph\":[{\"@type\":\"WebPage\",\"@id\":\"https:\/\/kanzlei-beuttler.de\/impressum\/\",\"url\":\"https:\/\/kanzlei-beuttler.de\/impressum\/\",\"name\":\"Kanzlei f\u00fcr Arbeitsrecht: Rechtsanw\u00e4ltin Tabea J. Beuttler in der Konstanzer Strasse 57 in 10707 Berlin.\",\"isPartOf\":{\"@id\":\"https:\/\/kanzlei-beuttler.de\/de\/#website\"},\"datePublished\":\"2017-01-05T18:01:29+00:00\",\"dateModified\":\"2025-07-18T06:27:21+00:00\",\"description\":\"Kanzlei f\u00fcr Arbeitsrecht: Rechtsanw\u00e4ltin Tabea J. Beuttler in der Konstanzer Strasse 57 in 10707 Berlin. info@kanzlei-beuttler.de. 03088704646.\",\"breadcrumb\":{\"@id\":\"https:\/\/kanzlei-beuttler.de\/impressum\/#breadcrumb\"},\"inLanguage\":\"en-US\",\"potentialAction\":[{\"@type\":\"ReadAction\",\"target\":[\"https:\/\/kanzlei-beuttler.de\/impressum\/\"]}]},{\"@type\":\"BreadcrumbList\",\"@id\":\"https:\/\/kanzlei-beuttler.de\/impressum\/#breadcrumb\",\"itemListElement\":[{\"@type\":\"ListItem\",\"position\":1,\"name\":\"Startseite\",\"item\":\"https:\/\/kanzlei-beuttler.de\/\"},{\"@type\":\"ListItem\",\"position\":2,\"name\":\"Impressum\"}]},{\"@type\":\"WebSite\",\"@id\":\"https:\/\/kanzlei-beuttler.de\/de\/#website\",\"url\":\"https:\/\/kanzlei-beuttler.de\/de\/\",\"name\":\"Kanzlei Beuttler\",\"description\":\"Ihre Anw\u00e4ltin in Berlin\",\"potentialAction\":[{\"@type\":\"SearchAction\",\"target\":{\"@type\":\"EntryPoint\",\"urlTemplate\":\"https:\/\/kanzlei-beuttler.de\/de\/?s={search_term_string}\"},\"query-input\":{\"@type\":\"PropertyValueSpecification\",\"valueRequired\":true,\"valueName\":\"search_term_string\"}}],\"inLanguage\":\"en-US\"}]}<\/script>\n<!-- \/ Yoast SEO plugin. -->","yoast_head_json":{"title":"Kanzlei f\u00fcr Arbeitsrecht: Rechtsanw\u00e4ltin Tabea J. Beuttler in der Konstanzer Strasse 57 in 10707 Berlin.","description":"Kanzlei f\u00fcr Arbeitsrecht: Rechtsanw\u00e4ltin Tabea J. Beuttler in der Konstanzer Strasse 57 in 10707 Berlin. info@kanzlei-beuttler.de. 03088704646.","robots":{"index":"index","follow":"follow","max-snippet":"max-snippet:-1","max-image-preview":"max-image-preview:large","max-video-preview":"max-video-preview:-1"},"canonical":"https:\/\/kanzlei-beuttler.de\/impressum\/","og_locale":"en_US","og_type":"article","og_title":"Kanzlei f\u00fcr Arbeitsrecht: Rechtsanw\u00e4ltin Tabea J. Beuttler in der Konstanzer Strasse 57 in 10707 Berlin.","og_description":"Kanzlei f\u00fcr Arbeitsrecht: Rechtsanw\u00e4ltin Tabea J. Beuttler in der Konstanzer Strasse 57 in 10707 Berlin. info@kanzlei-beuttler.de. 03088704646.","og_url":"https:\/\/kanzlei-beuttler.de\/impressum\/","og_site_name":"Kanzlei Beuttler","article_modified_time":"2025-07-18T06:27:21+00:00","twitter_card":"summary_large_image","twitter_misc":{"Est. reading time":"2 minutes"},"schema":{"@context":"https:\/\/schema.org","@graph":[{"@type":"WebPage","@id":"https:\/\/kanzlei-beuttler.de\/impressum\/","url":"https:\/\/kanzlei-beuttler.de\/impressum\/","name":"Kanzlei f\u00fcr Arbeitsrecht: Rechtsanw\u00e4ltin Tabea J. Beuttler in der Konstanzer Strasse 57 in 10707 Berlin.","isPartOf":{"@id":"https:\/\/kanzlei-beuttler.de\/de\/#website"},"datePublished":"2017-01-05T18:01:29+00:00","dateModified":"2025-07-18T06:27:21+00:00","description":"Kanzlei f\u00fcr Arbeitsrecht: Rechtsanw\u00e4ltin Tabea J. Beuttler in der Konstanzer Strasse 57 in 10707 Berlin. info@kanzlei-beuttler.de. 03088704646.","breadcrumb":{"@id":"https:\/\/kanzlei-beuttler.de\/impressum\/#breadcrumb"},"inLanguage":"en-US","potentialAction":[{"@type":"ReadAction","target":["https:\/\/kanzlei-beuttler.de\/impressum\/"]}]},{"@type":"BreadcrumbList","@id":"https:\/\/kanzlei-beuttler.de\/impressum\/#breadcrumb","itemListElement":[{"@type":"ListItem","position":1,"name":"Startseite","item":"https:\/\/kanzlei-beuttler.de\/"},{"@type":"ListItem","position":2,"name":"Impressum"}]},{"@type":"WebSite","@id":"https:\/\/kanzlei-beuttler.de\/de\/#website","url":"https:\/\/kanzlei-beuttler.de\/de\/","name":"Kanzlei Beuttler","description":"Ihre Anw\u00e4ltin in Berlin","potentialAction":[{"@type":"SearchAction","target":{"@type":"EntryPoint","urlTemplate":"https:\/\/kanzlei-beuttler.de\/de\/?s={search_term_string}"},"query-input":{"@type":"PropertyValueSpecification","valueRequired":true,"valueName":"search_term_string"}}],"inLanguage":"en-US"}]}},"_links":{"self":[{"href":"https:\/\/kanzlei-beuttler.de\/en\/wp-json\/wp\/v2\/pages\/85","targetHints":{"allow":["GET"]}}],"collection":[{"href":"https:\/\/kanzlei-beuttler.de\/en\/wp-json\/wp\/v2\/pages"}],"about":[{"href":"https:\/\/kanzlei-beuttler.de\/en\/wp-json\/wp\/v2\/types\/page"}],"author":[{"embeddable":true,"href":"https:\/\/kanzlei-beuttler.de\/en\/wp-json\/wp\/v2\/users\/1"}],"replies":[{"embeddable":true,"href":"https:\/\/kanzlei-beuttler.de\/en\/wp-json\/wp\/v2\/comments?post=85"}],"version-history":[{"count":15,"href":"https:\/\/kanzlei-beuttler.de\/en\/wp-json\/wp\/v2\/pages\/85\/revisions"}],"predecessor-version":[{"id":829,"href":"https:\/\/kanzlei-beuttler.de\/en\/wp-json\/wp\/v2\/pages\/85\/revisions\/829"}],"wp:attachment":[{"href":"https:\/\/kanzlei-beuttler.de\/en\/wp-json\/wp\/v2\/media?parent=85"}],"curies":[{"name":"wp","href":"https:\/\/api.w.org\/{rel}","templated":true}]}}