{"id":33,"date":"2016-11-09T20:03:03","date_gmt":"2016-11-09T19:03:03","guid":{"rendered":"http:\/\/dev.honz-it.de\/wordpress\/?page_id=33"},"modified":"2025-01-16T13:51:40","modified_gmt":"2025-01-16T12:51:40","slug":"your-expert-for-employment-law-tabea-j-beuttler-will-happily-assist-you-with-your-legal-matter-whether-in-her-office-in-friedrichshain-or-remotely-via-telephone-and-video-call-during-lockdown-perio","status":"publish","type":"page","link":"https:\/\/kanzlei-beuttler.de\/en\/","title":{"rendered":"Landing page"},"content":{"rendered":"<p><\/p>\n<h1 style=\"text-align: center;\">Your expert for employment law<\/h1>\n<p style=\"text-align: center;\">Tabea J. Beuttler will happily assist you with your legal matter; whether in her office in Friedrichshain or remotely via telephone and video call.<\/p>\n<p><\/p>","protected":false},"excerpt":{"rendered":"<p>Your expert for employment law Tabea J. Beuttler will happily assist you with your legal matter; whether in her office in Friedrichshain or remotely via telephone and video call.<\/p>\n","protected":false},"author":1,"featured_media":0,"parent":0,"menu_order":0,"comment_status":"closed","ping_status":"closed","template":"","meta":{"footnotes":""},"class_list":["post-33","page","type-page","status-publish","hentry"],"yoast_head":"<!-- This site is optimized with the Yoast SEO plugin v25.5 - https:\/\/yoast.com\/wordpress\/plugins\/seo\/ -->\n<title>Arbeitsrecht f\u00fcr Arbeitgeber, Arbeitnehmer &amp; Betriebsr\u00e4te - Rechtsanw\u00e4ltin Beuttler<\/title>\n<meta name=\"description\" content=\"Your expert for employment law: Tabea J. Beuttler will happily assist you with your legal matter.\" \/>\n<meta name=\"robots\" content=\"index, follow, max-snippet:-1, max-image-preview:large, max-video-preview:-1\" \/>\n<link rel=\"canonical\" href=\"https:\/\/kanzlei-beuttler.de\/\" \/>\n<meta property=\"og:locale\" content=\"en_US\" \/>\n<meta property=\"og:type\" content=\"article\" \/>\n<meta property=\"og:title\" content=\"Arbeitsrecht f\u00fcr Arbeitgeber, Arbeitnehmer &amp; Betriebsr\u00e4te - Rechtsanw\u00e4ltin Beuttler\" \/>\n<meta property=\"og:description\" content=\"Your expert for employment law: Tabea J. Beuttler will happily assist you with your legal matter.\" \/>\n<meta property=\"og:url\" content=\"https:\/\/kanzlei-beuttler.de\/\" \/>\n<meta property=\"og:site_name\" content=\"Kanzlei Beuttler\" \/>\n<meta property=\"article:modified_time\" content=\"2025-01-16T12:51:40+00:00\" \/>\n<meta name=\"twitter:card\" content=\"summary_large_image\" \/>\n<meta name=\"twitter:label1\" content=\"Est. reading time\" \/>\n\t<meta name=\"twitter:data1\" content=\"1 minute\" \/>\n<script type=\"application\/ld+json\" class=\"yoast-schema-graph\">{\"@context\":\"https:\/\/schema.org\",\"@graph\":[{\"@type\":\"WebPage\",\"@id\":\"https:\/\/kanzlei-beuttler.de\/\",\"url\":\"https:\/\/kanzlei-beuttler.de\/\",\"name\":\"Arbeitsrecht f\u00fcr Arbeitgeber, Arbeitnehmer & Betriebsr\u00e4te - Rechtsanw\u00e4ltin Beuttler\",\"isPartOf\":{\"@id\":\"https:\/\/kanzlei-beuttler.de\/de\/#website\"},\"datePublished\":\"2016-11-09T19:03:03+00:00\",\"dateModified\":\"2025-01-16T12:51:40+00:00\",\"description\":\"Your expert for employment law: Tabea J. Beuttler will happily assist you with your legal matter.\",\"breadcrumb\":{\"@id\":\"https:\/\/kanzlei-beuttler.de\/#breadcrumb\"},\"inLanguage\":\"en-US\",\"potentialAction\":[{\"@type\":\"ReadAction\",\"target\":[\"https:\/\/kanzlei-beuttler.de\/\"]}]},{\"@type\":\"BreadcrumbList\",\"@id\":\"https:\/\/kanzlei-beuttler.de\/#breadcrumb\",\"itemListElement\":[{\"@type\":\"ListItem\",\"position\":1,\"name\":\"Startseite\",\"item\":\"https:\/\/kanzlei-beuttler.de\/\"},{\"@type\":\"ListItem\",\"position\":2,\"name\":\"Startseite\"}]},{\"@type\":\"WebSite\",\"@id\":\"https:\/\/kanzlei-beuttler.de\/de\/#website\",\"url\":\"https:\/\/kanzlei-beuttler.de\/de\/\",\"name\":\"Kanzlei Beuttler\",\"description\":\"Ihre Anw\u00e4ltin in Berlin\",\"potentialAction\":[{\"@type\":\"SearchAction\",\"target\":{\"@type\":\"EntryPoint\",\"urlTemplate\":\"https:\/\/kanzlei-beuttler.de\/de\/?s={search_term_string}\"},\"query-input\":{\"@type\":\"PropertyValueSpecification\",\"valueRequired\":true,\"valueName\":\"search_term_string\"}}],\"inLanguage\":\"en-US\"}]}<\/script>\n<!-- \/ Yoast SEO plugin. -->","yoast_head_json":{"title":"Arbeitsrecht f\u00fcr Arbeitgeber, Arbeitnehmer & Betriebsr\u00e4te - Rechtsanw\u00e4ltin Beuttler","description":"Your expert for employment law: Tabea J. Beuttler will happily assist you with your legal matter.","robots":{"index":"index","follow":"follow","max-snippet":"max-snippet:-1","max-image-preview":"max-image-preview:large","max-video-preview":"max-video-preview:-1"},"canonical":"https:\/\/kanzlei-beuttler.de\/","og_locale":"en_US","og_type":"article","og_title":"Arbeitsrecht f\u00fcr Arbeitgeber, Arbeitnehmer & Betriebsr\u00e4te - Rechtsanw\u00e4ltin Beuttler","og_description":"Your expert for employment law: Tabea J. Beuttler will happily assist you with your legal matter.","og_url":"https:\/\/kanzlei-beuttler.de\/","og_site_name":"Kanzlei Beuttler","article_modified_time":"2025-01-16T12:51:40+00:00","twitter_card":"summary_large_image","twitter_misc":{"Est. reading time":"1 minute"},"schema":{"@context":"https:\/\/schema.org","@graph":[{"@type":"WebPage","@id":"https:\/\/kanzlei-beuttler.de\/","url":"https:\/\/kanzlei-beuttler.de\/","name":"Arbeitsrecht f\u00fcr Arbeitgeber, Arbeitnehmer & Betriebsr\u00e4te - Rechtsanw\u00e4ltin Beuttler","isPartOf":{"@id":"https:\/\/kanzlei-beuttler.de\/de\/#website"},"datePublished":"2016-11-09T19:03:03+00:00","dateModified":"2025-01-16T12:51:40+00:00","description":"Your expert for employment law: Tabea J. Beuttler will happily assist you with your legal matter.","breadcrumb":{"@id":"https:\/\/kanzlei-beuttler.de\/#breadcrumb"},"inLanguage":"en-US","potentialAction":[{"@type":"ReadAction","target":["https:\/\/kanzlei-beuttler.de\/"]}]},{"@type":"BreadcrumbList","@id":"https:\/\/kanzlei-beuttler.de\/#breadcrumb","itemListElement":[{"@type":"ListItem","position":1,"name":"Startseite","item":"https:\/\/kanzlei-beuttler.de\/"},{"@type":"ListItem","position":2,"name":"Startseite"}]},{"@type":"WebSite","@id":"https:\/\/kanzlei-beuttler.de\/de\/#website","url":"https:\/\/kanzlei-beuttler.de\/de\/","name":"Kanzlei Beuttler","description":"Ihre Anw\u00e4ltin in Berlin","potentialAction":[{"@type":"SearchAction","target":{"@type":"EntryPoint","urlTemplate":"https:\/\/kanzlei-beuttler.de\/de\/?s={search_term_string}"},"query-input":{"@type":"PropertyValueSpecification","valueRequired":true,"valueName":"search_term_string"}}],"inLanguage":"en-US"}]}},"_links":{"self":[{"href":"https:\/\/kanzlei-beuttler.de\/en\/wp-json\/wp\/v2\/pages\/33","targetHints":{"allow":["GET"]}}],"collection":[{"href":"https:\/\/kanzlei-beuttler.de\/en\/wp-json\/wp\/v2\/pages"}],"about":[{"href":"https:\/\/kanzlei-beuttler.de\/en\/wp-json\/wp\/v2\/types\/page"}],"author":[{"embeddable":true,"href":"https:\/\/kanzlei-beuttler.de\/en\/wp-json\/wp\/v2\/users\/1"}],"replies":[{"embeddable":true,"href":"https:\/\/kanzlei-beuttler.de\/en\/wp-json\/wp\/v2\/comments?post=33"}],"version-history":[{"count":30,"href":"https:\/\/kanzlei-beuttler.de\/en\/wp-json\/wp\/v2\/pages\/33\/revisions"}],"predecessor-version":[{"id":823,"href":"https:\/\/kanzlei-beuttler.de\/en\/wp-json\/wp\/v2\/pages\/33\/revisions\/823"}],"wp:attachment":[{"href":"https:\/\/kanzlei-beuttler.de\/en\/wp-json\/wp\/v2\/media?parent=33"}],"curies":[{"name":"wp","href":"https:\/\/api.w.org\/{rel}","templated":true}]}}