{"id":19,"date":"2016-11-09T19:55:32","date_gmt":"2016-11-09T18:55:32","guid":{"rendered":"http:\/\/dev.honz-it.de\/wordpress\/?page_id=19"},"modified":"2025-01-16T13:52:15","modified_gmt":"2025-01-16T12:52:15","slug":"kontakt","status":"publish","type":"page","link":"https:\/\/kanzlei-beuttler.de\/de\/kontakt\/","title":{"rendered":"Kontakt"},"content":{"rendered":"<p><\/p>\n<p style=\"text-align: center;\">Rechtsanw\u00e4ltin Tabea J. Beuttler<br \/>\nPettenkoferstrasse 15. 10247 Berlin<br \/>\nTEL: (030) 88 70 46 46<br \/>\nEMAIL:\u00a0info(at)kanzlei-beuttler.de<\/p>\n<p style=\"text-align: center;\">\u00d6ffnungszeiten<br \/>\nMontag bis Freitag: 9-12 Uhr<br \/>\nMontag bis Freitag: 13-16 Uhr<\/p>\n<p style=\"text-align: center;\">Outlook-Kontakt: <a href=\"http:\/\/kanzlei-beuttler.de\/wp-content\/uploads\/2017\/04\/RechtsanwaeltinTabeaJBeuttler.vcf\">VCF-Card<\/a><\/p>\n<p style=\"text-align: center;\">F\u00fcr die Anreise mit den \u00f6ffentlichen Verkehrsmitteln, besuchen Sie bitte\u00a0<a href=\"http:\/\/www.bvg.de\" target=\"_blank\" rel=\"noopener noreferrer\">www.bvg.de<\/a>.<\/p>\n<p><\/p>","protected":false},"excerpt":{"rendered":"<p>Rechtsanw\u00e4ltin Tabea J. Beuttler Pettenkoferstrasse 15. 10247 Berlin TEL: (030) 88 70 46 46 EMAIL:\u00a0info(at)kanzlei-beuttler.de \u00d6ffnungszeiten Montag bis Freitag: 9-12 Uhr Montag bis Freitag: 13-16 Uhr Outlook-Kontakt: VCF-Card F\u00fcr die Anreise mit den \u00f6ffentlichen Verkehrsmitteln, besuchen Sie bitte\u00a0www.bvg.de.<\/p>\n","protected":false},"author":1,"featured_media":0,"parent":0,"menu_order":0,"comment_status":"closed","ping_status":"closed","template":"","meta":{"footnotes":""},"class_list":["post-19","page","type-page","status-publish","hentry"],"yoast_head":"<!-- This site is optimized with the Yoast SEO plugin v25.5 - https:\/\/yoast.com\/wordpress\/plugins\/seo\/ -->\n<title>Kontakt - Kanzlei Beuttler<\/title>\n<meta name=\"robots\" content=\"index, follow, max-snippet:-1, max-image-preview:large, max-video-preview:-1\" \/>\n<link rel=\"canonical\" href=\"https:\/\/kanzlei-beuttler.de\/kontakt\/\" \/>\n<meta property=\"og:locale\" content=\"de_DE\" \/>\n<meta property=\"og:type\" content=\"article\" \/>\n<meta property=\"og:title\" content=\"[:de]Kontakt[:en]Contact[:es]Contacto[:] - Kanzlei Beuttler\" \/>\n<meta property=\"og:description\" content=\"Rechtsanw\u00e4ltin Tabea J. Beuttler Pettenkoferstrasse 15. 10247 Berlin TEL: (030) 88 70 46 46 EMAIL:\u00a0info(at)kanzlei-beuttler.de \u00d6ffnungszeiten Montag bis Freitag: 9-12 Uhr Montag bis Freitag: 13-16 Uhr Outlook-Kontakt: VCF-Card F\u00fcr die Anreise mit den \u00f6ffentlichen Verkehrsmitteln, besuchen Sie bitte\u00a0www.bvg.de.\" \/>\n<meta property=\"og:url\" content=\"https:\/\/kanzlei-beuttler.de\/kontakt\/\" \/>\n<meta property=\"og:site_name\" content=\"Kanzlei Beuttler\" \/>\n<meta property=\"article:modified_time\" content=\"2025-01-16T12:52:15+00:00\" \/>\n<meta name=\"twitter:card\" content=\"summary_large_image\" \/>\n<meta name=\"twitter:label1\" content=\"Gesch\u00e4tzte Lesezeit\" \/>\n\t<meta name=\"twitter:data1\" content=\"1\u00a0Minute\" \/>\n<script type=\"application\/ld+json\" class=\"yoast-schema-graph\">{\"@context\":\"https:\/\/schema.org\",\"@graph\":[{\"@type\":\"WebPage\",\"@id\":\"https:\/\/kanzlei-beuttler.de\/kontakt\/\",\"url\":\"https:\/\/kanzlei-beuttler.de\/kontakt\/\",\"name\":\"[:de]Kontakt[:en]Contact[:es]Contacto[:] - Kanzlei Beuttler\",\"isPartOf\":{\"@id\":\"https:\/\/kanzlei-beuttler.de\/de\/#website\"},\"datePublished\":\"2016-11-09T18:55:32+00:00\",\"dateModified\":\"2025-01-16T12:52:15+00:00\",\"breadcrumb\":{\"@id\":\"https:\/\/kanzlei-beuttler.de\/kontakt\/#breadcrumb\"},\"inLanguage\":\"de\",\"potentialAction\":[{\"@type\":\"ReadAction\",\"target\":[\"https:\/\/kanzlei-beuttler.de\/kontakt\/\"]}]},{\"@type\":\"BreadcrumbList\",\"@id\":\"https:\/\/kanzlei-beuttler.de\/kontakt\/#breadcrumb\",\"itemListElement\":[{\"@type\":\"ListItem\",\"position\":1,\"name\":\"Startseite\",\"item\":\"https:\/\/kanzlei-beuttler.de\/\"},{\"@type\":\"ListItem\",\"position\":2,\"name\":\"Kontakt\"}]},{\"@type\":\"WebSite\",\"@id\":\"https:\/\/kanzlei-beuttler.de\/de\/#website\",\"url\":\"https:\/\/kanzlei-beuttler.de\/de\/\",\"name\":\"Kanzlei Beuttler\",\"description\":\"Ihre Anw\u00e4ltin in Berlin\",\"potentialAction\":[{\"@type\":\"SearchAction\",\"target\":{\"@type\":\"EntryPoint\",\"urlTemplate\":\"https:\/\/kanzlei-beuttler.de\/de\/?s={search_term_string}\"},\"query-input\":{\"@type\":\"PropertyValueSpecification\",\"valueRequired\":true,\"valueName\":\"search_term_string\"}}],\"inLanguage\":\"de\"}]}<\/script>\n<!-- \/ Yoast SEO plugin. -->","yoast_head_json":{"title":"[:de]Kontakt[:en]Contact[:es]Contacto[:] - Kanzlei Beuttler","robots":{"index":"index","follow":"follow","max-snippet":"max-snippet:-1","max-image-preview":"max-image-preview:large","max-video-preview":"max-video-preview:-1"},"canonical":"https:\/\/kanzlei-beuttler.de\/kontakt\/","og_locale":"de_DE","og_type":"article","og_title":"[:de]Kontakt[:en]Contact[:es]Contacto[:] - Kanzlei Beuttler","og_description":"Rechtsanw\u00e4ltin Tabea J. Beuttler Pettenkoferstrasse 15. 10247 Berlin TEL: (030) 88 70 46 46 EMAIL:\u00a0info(at)kanzlei-beuttler.de \u00d6ffnungszeiten Montag bis Freitag: 9-12 Uhr Montag bis Freitag: 13-16 Uhr Outlook-Kontakt: VCF-Card F\u00fcr die Anreise mit den \u00f6ffentlichen Verkehrsmitteln, besuchen Sie bitte\u00a0www.bvg.de.","og_url":"https:\/\/kanzlei-beuttler.de\/kontakt\/","og_site_name":"Kanzlei Beuttler","article_modified_time":"2025-01-16T12:52:15+00:00","twitter_card":"summary_large_image","twitter_misc":{"Gesch\u00e4tzte Lesezeit":"1\u00a0Minute"},"schema":{"@context":"https:\/\/schema.org","@graph":[{"@type":"WebPage","@id":"https:\/\/kanzlei-beuttler.de\/kontakt\/","url":"https:\/\/kanzlei-beuttler.de\/kontakt\/","name":"[:de]Kontakt[:en]Contact[:es]Contacto[:] - Kanzlei Beuttler","isPartOf":{"@id":"https:\/\/kanzlei-beuttler.de\/de\/#website"},"datePublished":"2016-11-09T18:55:32+00:00","dateModified":"2025-01-16T12:52:15+00:00","breadcrumb":{"@id":"https:\/\/kanzlei-beuttler.de\/kontakt\/#breadcrumb"},"inLanguage":"de","potentialAction":[{"@type":"ReadAction","target":["https:\/\/kanzlei-beuttler.de\/kontakt\/"]}]},{"@type":"BreadcrumbList","@id":"https:\/\/kanzlei-beuttler.de\/kontakt\/#breadcrumb","itemListElement":[{"@type":"ListItem","position":1,"name":"Startseite","item":"https:\/\/kanzlei-beuttler.de\/"},{"@type":"ListItem","position":2,"name":"Kontakt"}]},{"@type":"WebSite","@id":"https:\/\/kanzlei-beuttler.de\/de\/#website","url":"https:\/\/kanzlei-beuttler.de\/de\/","name":"Kanzlei Beuttler","description":"Ihre Anw\u00e4ltin in Berlin","potentialAction":[{"@type":"SearchAction","target":{"@type":"EntryPoint","urlTemplate":"https:\/\/kanzlei-beuttler.de\/de\/?s={search_term_string}"},"query-input":{"@type":"PropertyValueSpecification","valueRequired":true,"valueName":"search_term_string"}}],"inLanguage":"de"}]}},"_links":{"self":[{"href":"https:\/\/kanzlei-beuttler.de\/de\/wp-json\/wp\/v2\/pages\/19","targetHints":{"allow":["GET"]}}],"collection":[{"href":"https:\/\/kanzlei-beuttler.de\/de\/wp-json\/wp\/v2\/pages"}],"about":[{"href":"https:\/\/kanzlei-beuttler.de\/de\/wp-json\/wp\/v2\/types\/page"}],"author":[{"embeddable":true,"href":"https:\/\/kanzlei-beuttler.de\/de\/wp-json\/wp\/v2\/users\/1"}],"replies":[{"embeddable":true,"href":"https:\/\/kanzlei-beuttler.de\/de\/wp-json\/wp\/v2\/comments?post=19"}],"version-history":[{"count":64,"href":"https:\/\/kanzlei-beuttler.de\/de\/wp-json\/wp\/v2\/pages\/19\/revisions"}],"predecessor-version":[{"id":824,"href":"https:\/\/kanzlei-beuttler.de\/de\/wp-json\/wp\/v2\/pages\/19\/revisions\/824"}],"wp:attachment":[{"href":"https:\/\/kanzlei-beuttler.de\/de\/wp-json\/wp\/v2\/media?parent=19"}],"curies":[{"name":"wp","href":"https:\/\/api.w.org\/{rel}","templated":true}]}}