{"id":17,"date":"2016-11-09T19:52:10","date_gmt":"2016-11-09T18:52:10","guid":{"rendered":"http:\/\/dev.honz-it.de\/wordpress\/?page_id=17"},"modified":"2022-06-07T11:11:42","modified_gmt":"2022-06-07T09:11:42","slug":"kosten","status":"publish","type":"page","link":"https:\/\/kanzlei-beuttler.de\/de\/kosten\/","title":{"rendered":"Kosten"},"content":{"rendered":"<p class=\"keineFreieZeile\"><img loading=\"lazy\" decoding=\"async\" class=\"size-full wp-image-368 aligncenter\" src=\"http:\/\/kanzlei-beuttler.de\/wp-content\/uploads\/2017\/03\/Muenzglass_cropped_small_sw.png\" alt=\"\" width=\"1000\" height=\"240\" srcset=\"https:\/\/kanzlei-beuttler.de\/wp-content\/uploads\/2017\/03\/Muenzglass_cropped_small_sw.png 1000w, https:\/\/kanzlei-beuttler.de\/wp-content\/uploads\/2017\/03\/Muenzglass_cropped_small_sw-300x72.png 300w, https:\/\/kanzlei-beuttler.de\/wp-content\/uploads\/2017\/03\/Muenzglass_cropped_small_sw-768x184.png 768w\" sizes=\"auto, (max-width: 1000px) 100vw, 1000px\" \/><\/p>\r\n<p class=\"keineFreieZeile\">Eine gute Rechtsberatung erspart \u00c4rger, Zeit und Kosten. Unsere Mandanten m\u00fcssen sich nicht f\u00fcr Jura interessieren, sie brauchen jedoch auch keine Ber\u00fchrungs\u00e4ngste zu haben. Wir beantworten Ihre Kostenanfrage gerne auch vorab, damit Sie gut informiert \u00fcber eine Beauftragung entscheiden k\u00f6nnen.<\/p>\r\n<ul>\r\n<li id=\"kosten\"><strong>Verg\u00fctungsh\u00f6he<\/strong><br \/>Die H\u00f6he der Verg\u00fctung f\u00fcr Rechtsberatung und der Rechtsvertretung richtet sich nach dem Rechtsanwaltsverg\u00fctungsgesetz (RVG) und besteht aus Geb\u00fchren und Auslagen. Die Geb\u00fchren werden in der Regel nach dem Gegenstandswert berechnet, welchem je nach anwaltlicher T\u00e4tigkeit ein bestimmter Betrag im Verg\u00fctungsverzeichnis gesetzlich zugeordnet ist. Davon abweichend ist der Abschluss einer Verg\u00fctungsvereinbarung m\u00f6glich.<\/li>\r\n<\/ul>\r\n<ul>\r\n<li id=\"rechtsschutz\" class=\"keineFreieZeile\"><strong>Rechtsschutzversicherung<\/strong><br \/>Wenn Sie die Beauftragung f\u00fcr eine anwaltlichen Beratung von der Kosten\u00fcbernahme Ihrer Rechtsschutzversicherung abh\u00e4ngig machen m\u00f6chten, ist es sinnvoll, dass Sie Ihre Versicherung vorher selbst kontaktieren und anfragen. Die weitere Kommunikation mit der Rechtsschutzversicherung \u00fcbernehmen wir als kostenlosen Zusatzservice gerne f\u00fcr Sie.<\/li>\r\n<\/ul>\r\n<ul>\r\n<li id=\"beratungshilfe\" class=\"keineFreieZeile\"><strong>Beratungshilfe und Prozesskostenhilfe<\/strong><br \/>F\u00fcr alle, die sich eine Rechtsberatung und eine Rechtsvertretung nicht leisten k\u00f6nnen, gibt es die M\u00f6glichkeit der Beratungshilfe bzw. der Prozesskostenhilfe.<\/li>\r\n<\/ul>\r\n<ul>\r\n<li id=\"kostenumfang\" class=\"keineFreieZeile\"><strong>Kostenumfang<\/strong><br \/>Im Zivilprozess zahlt derjenige, der unterliegt: er muss die Gerichtskosten mit den Kosten f\u00fcr die Sachverst\u00e4ndigen, die eigenen Rechtsanwaltskosten und dar\u00fcber hinaus die Rechtsanwaltskosten des Gegners \u00fcbernehmen. Anders ist dies in der ersten Instanz eines Urteilsverfahrens vor dem Arbeitsgericht: Jeder tr\u00e4gt die ihm entstandenen Rechtsanwaltskosten selbst. Die Gerichtskosten tr\u00e4gt grunds\u00e4tzlich die unterliegende Partei.<\/li>\r\n<\/ul>\r\n<p>&nbsp;<\/p>\r\n<p>&nbsp;<\/p>\r\n\r\n<p>&nbsp;<\/p>","protected":false},"excerpt":{"rendered":"<p>Eine gute Rechtsberatung erspart \u00c4rger, Zeit und Kosten. Unsere Mandanten m\u00fcssen sich nicht f\u00fcr Jura interessieren, sie brauchen jedoch auch keine Ber\u00fchrungs\u00e4ngste zu haben. Wir beantworten Ihre Kostenanfrage gerne auch vorab, damit Sie gut informiert \u00fcber eine Beauftragung entscheiden k\u00f6nnen.<\/p>\n","protected":false},"author":1,"featured_media":0,"parent":0,"menu_order":0,"comment_status":"closed","ping_status":"closed","template":"","meta":{"footnotes":""},"class_list":["post-17","page","type-page","status-publish","hentry"],"yoast_head":"<!-- This site is optimized with the Yoast SEO plugin v25.5 - https:\/\/yoast.com\/wordpress\/plugins\/seo\/ -->\n<title>Kosten - Kanzlei Beuttler<\/title>\n<meta name=\"robots\" content=\"index, follow, max-snippet:-1, max-image-preview:large, max-video-preview:-1\" \/>\n<link rel=\"canonical\" href=\"https:\/\/kanzlei-beuttler.de\/de\/kosten\/\" \/>\n<meta property=\"og:locale\" content=\"de_DE\" \/>\n<meta property=\"og:type\" content=\"article\" \/>\n<meta property=\"og:title\" content=\"[:de]Kosten[:en]Costs[:es]Costos[:] - Kanzlei Beuttler\" \/>\n<meta property=\"og:description\" content=\"Eine gute Rechtsberatung erspart \u00c4rger, Zeit und Kosten. Unsere Mandanten m\u00fcssen sich nicht f\u00fcr Jura interessieren, sie brauchen jedoch auch keine Ber\u00fchrungs\u00e4ngste zu haben. Wir beantworten Ihre Kostenanfrage gerne auch vorab, damit Sie gut informiert \u00fcber eine Beauftragung entscheiden k\u00f6nnen.\" \/>\n<meta property=\"og:url\" content=\"https:\/\/kanzlei-beuttler.de\/de\/kosten\/\" \/>\n<meta property=\"og:site_name\" content=\"Kanzlei Beuttler\" \/>\n<meta property=\"article:modified_time\" content=\"2022-06-07T09:11:42+00:00\" \/>\n<meta property=\"og:image\" content=\"http:\/\/kanzlei-beuttler.de\/wp-content\/uploads\/2017\/03\/Muenzglass_cropped_small_sw.png\" \/>\n<meta name=\"twitter:card\" content=\"summary_large_image\" \/>\n<meta name=\"twitter:label1\" content=\"Gesch\u00e4tzte Lesezeit\" \/>\n\t<meta name=\"twitter:data1\" content=\"4\u00a0Minuten\" \/>\n<script type=\"application\/ld+json\" class=\"yoast-schema-graph\">{\"@context\":\"https:\/\/schema.org\",\"@graph\":[{\"@type\":\"WebPage\",\"@id\":\"https:\/\/kanzlei-beuttler.de\/de\/kosten\/\",\"url\":\"https:\/\/kanzlei-beuttler.de\/de\/kosten\/\",\"name\":\"[:de]Kosten[:en]Costs[:es]Costos[:] - Kanzlei Beuttler\",\"isPartOf\":{\"@id\":\"https:\/\/kanzlei-beuttler.de\/de\/#website\"},\"primaryImageOfPage\":{\"@id\":\"https:\/\/kanzlei-beuttler.de\/de\/kosten\/#primaryimage\"},\"image\":{\"@id\":\"https:\/\/kanzlei-beuttler.de\/de\/kosten\/#primaryimage\"},\"thumbnailUrl\":\"http:\/\/kanzlei-beuttler.de\/wp-content\/uploads\/2017\/03\/Muenzglass_cropped_small_sw.png\",\"datePublished\":\"2016-11-09T18:52:10+00:00\",\"dateModified\":\"2022-06-07T09:11:42+00:00\",\"breadcrumb\":{\"@id\":\"https:\/\/kanzlei-beuttler.de\/de\/kosten\/#breadcrumb\"},\"inLanguage\":\"de\",\"potentialAction\":[{\"@type\":\"ReadAction\",\"target\":[\"https:\/\/kanzlei-beuttler.de\/de\/kosten\/\"]}]},{\"@type\":\"ImageObject\",\"inLanguage\":\"de\",\"@id\":\"https:\/\/kanzlei-beuttler.de\/de\/kosten\/#primaryimage\",\"url\":\"http:\/\/kanzlei-beuttler.de\/wp-content\/uploads\/2017\/03\/Muenzglass_cropped_small_sw.png\",\"contentUrl\":\"http:\/\/kanzlei-beuttler.de\/wp-content\/uploads\/2017\/03\/Muenzglass_cropped_small_sw.png\"},{\"@type\":\"BreadcrumbList\",\"@id\":\"https:\/\/kanzlei-beuttler.de\/de\/kosten\/#breadcrumb\",\"itemListElement\":[{\"@type\":\"ListItem\",\"position\":1,\"name\":\"Startseite\",\"item\":\"https:\/\/kanzlei-beuttler.de\/\"},{\"@type\":\"ListItem\",\"position\":2,\"name\":\"Kosten\"}]},{\"@type\":\"WebSite\",\"@id\":\"https:\/\/kanzlei-beuttler.de\/de\/#website\",\"url\":\"https:\/\/kanzlei-beuttler.de\/de\/\",\"name\":\"Kanzlei Beuttler\",\"description\":\"Ihre Anw\u00e4ltin in Berlin\",\"potentialAction\":[{\"@type\":\"SearchAction\",\"target\":{\"@type\":\"EntryPoint\",\"urlTemplate\":\"https:\/\/kanzlei-beuttler.de\/de\/?s={search_term_string}\"},\"query-input\":{\"@type\":\"PropertyValueSpecification\",\"valueRequired\":true,\"valueName\":\"search_term_string\"}}],\"inLanguage\":\"de\"}]}<\/script>\n<!-- \/ Yoast SEO plugin. -->","yoast_head_json":{"title":"[:de]Kosten[:en]Costs[:es]Costos[:] - Kanzlei Beuttler","robots":{"index":"index","follow":"follow","max-snippet":"max-snippet:-1","max-image-preview":"max-image-preview:large","max-video-preview":"max-video-preview:-1"},"canonical":"https:\/\/kanzlei-beuttler.de\/de\/kosten\/","og_locale":"de_DE","og_type":"article","og_title":"[:de]Kosten[:en]Costs[:es]Costos[:] - Kanzlei Beuttler","og_description":"Eine gute Rechtsberatung erspart \u00c4rger, Zeit und Kosten. Unsere Mandanten m\u00fcssen sich nicht f\u00fcr Jura interessieren, sie brauchen jedoch auch keine Ber\u00fchrungs\u00e4ngste zu haben. Wir beantworten Ihre Kostenanfrage gerne auch vorab, damit Sie gut informiert \u00fcber eine Beauftragung entscheiden k\u00f6nnen.","og_url":"https:\/\/kanzlei-beuttler.de\/de\/kosten\/","og_site_name":"Kanzlei Beuttler","article_modified_time":"2022-06-07T09:11:42+00:00","og_image":[{"url":"http:\/\/kanzlei-beuttler.de\/wp-content\/uploads\/2017\/03\/Muenzglass_cropped_small_sw.png","type":"","width":"","height":""}],"twitter_card":"summary_large_image","twitter_misc":{"Gesch\u00e4tzte Lesezeit":"4\u00a0Minuten"},"schema":{"@context":"https:\/\/schema.org","@graph":[{"@type":"WebPage","@id":"https:\/\/kanzlei-beuttler.de\/de\/kosten\/","url":"https:\/\/kanzlei-beuttler.de\/de\/kosten\/","name":"[:de]Kosten[:en]Costs[:es]Costos[:] - Kanzlei Beuttler","isPartOf":{"@id":"https:\/\/kanzlei-beuttler.de\/de\/#website"},"primaryImageOfPage":{"@id":"https:\/\/kanzlei-beuttler.de\/de\/kosten\/#primaryimage"},"image":{"@id":"https:\/\/kanzlei-beuttler.de\/de\/kosten\/#primaryimage"},"thumbnailUrl":"http:\/\/kanzlei-beuttler.de\/wp-content\/uploads\/2017\/03\/Muenzglass_cropped_small_sw.png","datePublished":"2016-11-09T18:52:10+00:00","dateModified":"2022-06-07T09:11:42+00:00","breadcrumb":{"@id":"https:\/\/kanzlei-beuttler.de\/de\/kosten\/#breadcrumb"},"inLanguage":"de","potentialAction":[{"@type":"ReadAction","target":["https:\/\/kanzlei-beuttler.de\/de\/kosten\/"]}]},{"@type":"ImageObject","inLanguage":"de","@id":"https:\/\/kanzlei-beuttler.de\/de\/kosten\/#primaryimage","url":"http:\/\/kanzlei-beuttler.de\/wp-content\/uploads\/2017\/03\/Muenzglass_cropped_small_sw.png","contentUrl":"http:\/\/kanzlei-beuttler.de\/wp-content\/uploads\/2017\/03\/Muenzglass_cropped_small_sw.png"},{"@type":"BreadcrumbList","@id":"https:\/\/kanzlei-beuttler.de\/de\/kosten\/#breadcrumb","itemListElement":[{"@type":"ListItem","position":1,"name":"Startseite","item":"https:\/\/kanzlei-beuttler.de\/"},{"@type":"ListItem","position":2,"name":"Kosten"}]},{"@type":"WebSite","@id":"https:\/\/kanzlei-beuttler.de\/de\/#website","url":"https:\/\/kanzlei-beuttler.de\/de\/","name":"Kanzlei Beuttler","description":"Ihre Anw\u00e4ltin in Berlin","potentialAction":[{"@type":"SearchAction","target":{"@type":"EntryPoint","urlTemplate":"https:\/\/kanzlei-beuttler.de\/de\/?s={search_term_string}"},"query-input":{"@type":"PropertyValueSpecification","valueRequired":true,"valueName":"search_term_string"}}],"inLanguage":"de"}]}},"_links":{"self":[{"href":"https:\/\/kanzlei-beuttler.de\/de\/wp-json\/wp\/v2\/pages\/17","targetHints":{"allow":["GET"]}}],"collection":[{"href":"https:\/\/kanzlei-beuttler.de\/de\/wp-json\/wp\/v2\/pages"}],"about":[{"href":"https:\/\/kanzlei-beuttler.de\/de\/wp-json\/wp\/v2\/types\/page"}],"author":[{"embeddable":true,"href":"https:\/\/kanzlei-beuttler.de\/de\/wp-json\/wp\/v2\/users\/1"}],"replies":[{"embeddable":true,"href":"https:\/\/kanzlei-beuttler.de\/de\/wp-json\/wp\/v2\/comments?post=17"}],"version-history":[{"count":48,"href":"https:\/\/kanzlei-beuttler.de\/de\/wp-json\/wp\/v2\/pages\/17\/revisions"}],"predecessor-version":[{"id":815,"href":"https:\/\/kanzlei-beuttler.de\/de\/wp-json\/wp\/v2\/pages\/17\/revisions\/815"}],"wp:attachment":[{"href":"https:\/\/kanzlei-beuttler.de\/de\/wp-json\/wp\/v2\/media?parent=17"}],"curies":[{"name":"wp","href":"https:\/\/api.w.org\/{rel}","templated":true}]}}