{"id":14,"date":"2016-11-09T19:49:41","date_gmt":"2016-11-09T18:49:41","guid":{"rendered":"http:\/\/dev.honz-it.de\/wordpress\/?page_id=14"},"modified":"2021-04-14T22:03:22","modified_gmt":"2021-04-14T20:03:22","slug":"kanzlei","status":"publish","type":"page","link":"https:\/\/kanzlei-beuttler.de\/de\/kanzlei\/","title":{"rendered":"Kanzlei"},"content":{"rendered":"<p><\/p>\n<p class=\"keineFreieZeile\"><img loading=\"lazy\" decoding=\"async\" class=\"aligncenter wp-image-809 size-full\" src=\"https:\/\/kanzlei-beuttler.de\/wp-content\/uploads\/2021\/04\/KanzleiGebaeude.jpg\" alt=\"\" width=\"1000\" height=\"240\" srcset=\"https:\/\/kanzlei-beuttler.de\/wp-content\/uploads\/2021\/04\/KanzleiGebaeude.jpg 1000w, https:\/\/kanzlei-beuttler.de\/wp-content\/uploads\/2021\/04\/KanzleiGebaeude-300x72.jpg 300w, https:\/\/kanzlei-beuttler.de\/wp-content\/uploads\/2021\/04\/KanzleiGebaeude-768x184.jpg 768w\" sizes=\"auto, (max-width: 1000px) 100vw, 1000px\" \/><\/p>\n<p><strong>Zur Person<\/strong><\/p>\n<ul>\n<li id=\"spezialisiert\" class=\"keineFreieZeile\"><strong>Spezialisiert &amp; erfahren<\/strong><br \/>\nRechtsanw\u00e4ltin Tabea J. Beuttler ist mit ihrer Kanzlei seit rund 10 Jahren im Arbeitsrecht spezialisiert und war arbeitsrechtlich zuvor\u00a0schon f\u00fcr andere Kanzleien in Konstanz und Berlin sowie f\u00fcr die DGB Rechtsschutz GmbH und die Deutsche Orchestervereinigung (DOV) t\u00e4tig. Den Fachanwaltslehrgang im Arbeitsrecht hat sie erfolgreich absolviert.<\/li>\n<\/ul>\n<ul>\n<li id=\"zertifiziert\" class=\"keineFreieZeile\"><strong>Zertifiziert &amp; kompetent<br \/>\n<\/strong>Die Bundesrechtsanwaltskammer verleiht ihr wiederkehrend seit 2011 das Fortbildungszertifikat \u201eQualit\u00e4t durch Fortbildung\u201c, au\u00dferdem erh\u00e4lt sie j\u00e4hrlich seit 2014 die Fortbildungsbescheinigung des Deutschen Anwaltvereins (DAV).<\/li>\n<\/ul>\n<ul>\n<li id=\"engagiert\" class=\"keineFreieZeile\"><strong>Engagiert &amp; aktiv<\/strong><br \/>\nSeit 2017 ist Rechtsanw\u00e4ltin Beuttler Lehrbeauftragte der Hochschule f\u00fcr Wirtschaft und Recht Berlin, sie lehrt dort Arbeitsrecht. An der Beuth Hochschule f\u00fcr Technik Berlin unterrichtet sie seit 2012 Studierende im Arbeits- und Wirtschaftsrecht. Sie selbst studierte Rechtswissenschaft in Konstanz und Barcelona mit Praktika in Baden-W\u00fcrttemberg und Minneapolis, Minnesota.<\/li>\n<\/ul>\n<p><strong>Sprachen<\/strong><\/p>\n<ul>\n<li>Englisch und Spanisch<\/li>\n<\/ul>\n<p><strong>Mitgliedschaften<\/strong><\/p>\n<ul>\n<li>Rechtsanwaltskammer Berlin und\u00a0Berliner Anwaltsverein<\/li>\n<\/ul>\n<p>Weitere Informationen finden Sie unter\u00a0<a href=\"http:\/\/kanzlei-beuttler.de\/rechtsgebiete\/\">Rechtsgebiete<\/a>.<\/p>\n<p>&nbsp;<\/p>\n<p>&nbsp;<\/p>","protected":false},"excerpt":{"rendered":"<p>Zur Person Spezialisiert &amp; erfahren Rechtsanw\u00e4ltin Tabea J. Beuttler ist mit ihrer Kanzlei seit rund 10 Jahren im Arbeitsrecht spezialisiert und war arbeitsrechtlich zuvor\u00a0schon f\u00fcr andere Kanzleien in Konstanz und Berlin sowie f\u00fcr die DGB Rechtsschutz GmbH und die Deutsche<\/p>\n","protected":false},"author":1,"featured_media":0,"parent":0,"menu_order":0,"comment_status":"closed","ping_status":"closed","template":"","meta":{"footnotes":""},"class_list":["post-14","page","type-page","status-publish","hentry"],"yoast_head":"<!-- This site is optimized with the Yoast SEO plugin v25.5 - https:\/\/yoast.com\/wordpress\/plugins\/seo\/ -->\n<title>Spezialisiert &amp; erfahren: Arbeitsrecht. Zertifiziert &amp; kompetent: Qualit\u00e4t durch Fortbildung. Engagiert &amp; aktiv: Hochschullehrbeauftragte im Arbeits- und Wirtschaftsrecht.<\/title>\n<meta name=\"description\" content=\"Spezialisiert &amp; erfahren im Arbeitsrecht. Zertifiziert &amp; kompetent: Qualit\u00e4t durch Fortbildung (Bundesrechtsanwaltskammer). Engagiert &amp; aktiv: Hochschullehrbeauftragte im Arbeits- und Wirtschaftsrecht an der Beuth Hochschule f\u00fcr Technik Berlin.\" \/>\n<meta name=\"robots\" content=\"index, follow, max-snippet:-1, max-image-preview:large, max-video-preview:-1\" \/>\n<link rel=\"canonical\" href=\"https:\/\/kanzlei-beuttler.de\/de\/kanzlei\/\" \/>\n<meta property=\"og:locale\" content=\"de_DE\" \/>\n<meta property=\"og:type\" content=\"article\" \/>\n<meta property=\"og:title\" content=\"Spezialisiert &amp; erfahren: Arbeitsrecht. Zertifiziert &amp; kompetent: Qualit\u00e4t durch Fortbildung. Engagiert &amp; aktiv: Hochschullehrbeauftragte im Arbeits- und Wirtschaftsrecht.\" \/>\n<meta property=\"og:description\" content=\"Spezialisiert &amp; erfahren im Arbeitsrecht. Zertifiziert &amp; kompetent: Qualit\u00e4t durch Fortbildung (Bundesrechtsanwaltskammer). Engagiert &amp; aktiv: Hochschullehrbeauftragte im Arbeits- und Wirtschaftsrecht an der Beuth Hochschule f\u00fcr Technik Berlin.\" \/>\n<meta property=\"og:url\" content=\"https:\/\/kanzlei-beuttler.de\/de\/kanzlei\/\" \/>\n<meta property=\"og:site_name\" content=\"Kanzlei Beuttler\" \/>\n<meta property=\"article:modified_time\" content=\"2021-04-14T20:03:22+00:00\" \/>\n<meta property=\"og:image\" content=\"https:\/\/kanzlei-beuttler.de\/wp-content\/uploads\/2021\/04\/KanzleiGebaeude.jpg\" \/>\n<meta name=\"twitter:card\" content=\"summary_large_image\" \/>\n<meta name=\"twitter:label1\" content=\"Gesch\u00e4tzte Lesezeit\" \/>\n\t<meta name=\"twitter:data1\" content=\"3\u00a0Minuten\" \/>\n<script type=\"application\/ld+json\" class=\"yoast-schema-graph\">{\"@context\":\"https:\/\/schema.org\",\"@graph\":[{\"@type\":\"WebPage\",\"@id\":\"https:\/\/kanzlei-beuttler.de\/de\/kanzlei\/\",\"url\":\"https:\/\/kanzlei-beuttler.de\/de\/kanzlei\/\",\"name\":\"Spezialisiert & erfahren: Arbeitsrecht. Zertifiziert & kompetent: Qualit\u00e4t durch Fortbildung. Engagiert & aktiv: Hochschullehrbeauftragte im Arbeits- und Wirtschaftsrecht.\",\"isPartOf\":{\"@id\":\"https:\/\/kanzlei-beuttler.de\/de\/#website\"},\"primaryImageOfPage\":{\"@id\":\"https:\/\/kanzlei-beuttler.de\/de\/kanzlei\/#primaryimage\"},\"image\":{\"@id\":\"https:\/\/kanzlei-beuttler.de\/de\/kanzlei\/#primaryimage\"},\"thumbnailUrl\":\"https:\/\/kanzlei-beuttler.de\/wp-content\/uploads\/2021\/04\/KanzleiGebaeude.jpg\",\"datePublished\":\"2016-11-09T18:49:41+00:00\",\"dateModified\":\"2021-04-14T20:03:22+00:00\",\"description\":\"Spezialisiert & erfahren im Arbeitsrecht. Zertifiziert & kompetent: Qualit\u00e4t durch Fortbildung (Bundesrechtsanwaltskammer). Engagiert & aktiv: Hochschullehrbeauftragte im Arbeits- und Wirtschaftsrecht an der Beuth Hochschule f\u00fcr Technik Berlin.\",\"breadcrumb\":{\"@id\":\"https:\/\/kanzlei-beuttler.de\/de\/kanzlei\/#breadcrumb\"},\"inLanguage\":\"de\",\"potentialAction\":[{\"@type\":\"ReadAction\",\"target\":[\"https:\/\/kanzlei-beuttler.de\/de\/kanzlei\/\"]}]},{\"@type\":\"ImageObject\",\"inLanguage\":\"de\",\"@id\":\"https:\/\/kanzlei-beuttler.de\/de\/kanzlei\/#primaryimage\",\"url\":\"https:\/\/kanzlei-beuttler.de\/wp-content\/uploads\/2021\/04\/KanzleiGebaeude.jpg\",\"contentUrl\":\"https:\/\/kanzlei-beuttler.de\/wp-content\/uploads\/2021\/04\/KanzleiGebaeude.jpg\"},{\"@type\":\"BreadcrumbList\",\"@id\":\"https:\/\/kanzlei-beuttler.de\/de\/kanzlei\/#breadcrumb\",\"itemListElement\":[{\"@type\":\"ListItem\",\"position\":1,\"name\":\"Startseite\",\"item\":\"https:\/\/kanzlei-beuttler.de\/\"},{\"@type\":\"ListItem\",\"position\":2,\"name\":\"Kanzlei\"}]},{\"@type\":\"WebSite\",\"@id\":\"https:\/\/kanzlei-beuttler.de\/de\/#website\",\"url\":\"https:\/\/kanzlei-beuttler.de\/de\/\",\"name\":\"Kanzlei Beuttler\",\"description\":\"Ihre Anw\u00e4ltin in Berlin\",\"potentialAction\":[{\"@type\":\"SearchAction\",\"target\":{\"@type\":\"EntryPoint\",\"urlTemplate\":\"https:\/\/kanzlei-beuttler.de\/de\/?s={search_term_string}\"},\"query-input\":{\"@type\":\"PropertyValueSpecification\",\"valueRequired\":true,\"valueName\":\"search_term_string\"}}],\"inLanguage\":\"de\"}]}<\/script>\n<!-- \/ Yoast SEO plugin. -->","yoast_head_json":{"title":"Spezialisiert & erfahren: Arbeitsrecht. Zertifiziert & kompetent: Qualit\u00e4t durch Fortbildung. Engagiert & aktiv: Hochschullehrbeauftragte im Arbeits- und Wirtschaftsrecht.","description":"Spezialisiert & erfahren im Arbeitsrecht. Zertifiziert & kompetent: Qualit\u00e4t durch Fortbildung (Bundesrechtsanwaltskammer). Engagiert & aktiv: Hochschullehrbeauftragte im Arbeits- und Wirtschaftsrecht an der Beuth Hochschule f\u00fcr Technik Berlin.","robots":{"index":"index","follow":"follow","max-snippet":"max-snippet:-1","max-image-preview":"max-image-preview:large","max-video-preview":"max-video-preview:-1"},"canonical":"https:\/\/kanzlei-beuttler.de\/de\/kanzlei\/","og_locale":"de_DE","og_type":"article","og_title":"Spezialisiert & erfahren: Arbeitsrecht. Zertifiziert & kompetent: Qualit\u00e4t durch Fortbildung. Engagiert & aktiv: Hochschullehrbeauftragte im Arbeits- und Wirtschaftsrecht.","og_description":"Spezialisiert & erfahren im Arbeitsrecht. Zertifiziert & kompetent: Qualit\u00e4t durch Fortbildung (Bundesrechtsanwaltskammer). Engagiert & aktiv: Hochschullehrbeauftragte im Arbeits- und Wirtschaftsrecht an der Beuth Hochschule f\u00fcr Technik Berlin.","og_url":"https:\/\/kanzlei-beuttler.de\/de\/kanzlei\/","og_site_name":"Kanzlei Beuttler","article_modified_time":"2021-04-14T20:03:22+00:00","og_image":[{"url":"https:\/\/kanzlei-beuttler.de\/wp-content\/uploads\/2021\/04\/KanzleiGebaeude.jpg","type":"","width":"","height":""}],"twitter_card":"summary_large_image","twitter_misc":{"Gesch\u00e4tzte Lesezeit":"3\u00a0Minuten"},"schema":{"@context":"https:\/\/schema.org","@graph":[{"@type":"WebPage","@id":"https:\/\/kanzlei-beuttler.de\/de\/kanzlei\/","url":"https:\/\/kanzlei-beuttler.de\/de\/kanzlei\/","name":"Spezialisiert & erfahren: Arbeitsrecht. Zertifiziert & kompetent: Qualit\u00e4t durch Fortbildung. Engagiert & aktiv: Hochschullehrbeauftragte im Arbeits- und Wirtschaftsrecht.","isPartOf":{"@id":"https:\/\/kanzlei-beuttler.de\/de\/#website"},"primaryImageOfPage":{"@id":"https:\/\/kanzlei-beuttler.de\/de\/kanzlei\/#primaryimage"},"image":{"@id":"https:\/\/kanzlei-beuttler.de\/de\/kanzlei\/#primaryimage"},"thumbnailUrl":"https:\/\/kanzlei-beuttler.de\/wp-content\/uploads\/2021\/04\/KanzleiGebaeude.jpg","datePublished":"2016-11-09T18:49:41+00:00","dateModified":"2021-04-14T20:03:22+00:00","description":"Spezialisiert & erfahren im Arbeitsrecht. Zertifiziert & kompetent: Qualit\u00e4t durch Fortbildung (Bundesrechtsanwaltskammer). Engagiert & aktiv: Hochschullehrbeauftragte im Arbeits- und Wirtschaftsrecht an der Beuth Hochschule f\u00fcr Technik Berlin.","breadcrumb":{"@id":"https:\/\/kanzlei-beuttler.de\/de\/kanzlei\/#breadcrumb"},"inLanguage":"de","potentialAction":[{"@type":"ReadAction","target":["https:\/\/kanzlei-beuttler.de\/de\/kanzlei\/"]}]},{"@type":"ImageObject","inLanguage":"de","@id":"https:\/\/kanzlei-beuttler.de\/de\/kanzlei\/#primaryimage","url":"https:\/\/kanzlei-beuttler.de\/wp-content\/uploads\/2021\/04\/KanzleiGebaeude.jpg","contentUrl":"https:\/\/kanzlei-beuttler.de\/wp-content\/uploads\/2021\/04\/KanzleiGebaeude.jpg"},{"@type":"BreadcrumbList","@id":"https:\/\/kanzlei-beuttler.de\/de\/kanzlei\/#breadcrumb","itemListElement":[{"@type":"ListItem","position":1,"name":"Startseite","item":"https:\/\/kanzlei-beuttler.de\/"},{"@type":"ListItem","position":2,"name":"Kanzlei"}]},{"@type":"WebSite","@id":"https:\/\/kanzlei-beuttler.de\/de\/#website","url":"https:\/\/kanzlei-beuttler.de\/de\/","name":"Kanzlei Beuttler","description":"Ihre Anw\u00e4ltin in Berlin","potentialAction":[{"@type":"SearchAction","target":{"@type":"EntryPoint","urlTemplate":"https:\/\/kanzlei-beuttler.de\/de\/?s={search_term_string}"},"query-input":{"@type":"PropertyValueSpecification","valueRequired":true,"valueName":"search_term_string"}}],"inLanguage":"de"}]}},"_links":{"self":[{"href":"https:\/\/kanzlei-beuttler.de\/de\/wp-json\/wp\/v2\/pages\/14","targetHints":{"allow":["GET"]}}],"collection":[{"href":"https:\/\/kanzlei-beuttler.de\/de\/wp-json\/wp\/v2\/pages"}],"about":[{"href":"https:\/\/kanzlei-beuttler.de\/de\/wp-json\/wp\/v2\/types\/page"}],"author":[{"embeddable":true,"href":"https:\/\/kanzlei-beuttler.de\/de\/wp-json\/wp\/v2\/users\/1"}],"replies":[{"embeddable":true,"href":"https:\/\/kanzlei-beuttler.de\/de\/wp-json\/wp\/v2\/comments?post=14"}],"version-history":[{"count":48,"href":"https:\/\/kanzlei-beuttler.de\/de\/wp-json\/wp\/v2\/pages\/14\/revisions"}],"predecessor-version":[{"id":810,"href":"https:\/\/kanzlei-beuttler.de\/de\/wp-json\/wp\/v2\/pages\/14\/revisions\/810"}],"wp:attachment":[{"href":"https:\/\/kanzlei-beuttler.de\/de\/wp-json\/wp\/v2\/media?parent=14"}],"curies":[{"name":"wp","href":"https:\/\/api.w.org\/{rel}","templated":true}]}}